{"id":1090,"date":"2018-11-05T09:19:11","date_gmt":"2018-11-05T08:19:11","guid":{"rendered":"https:\/\/www.space-aero.org\/?page_id=1090"},"modified":"2021-07-28T16:01:03","modified_gmt":"2021-07-28T14:01:03","slug":"projekte","status":"publish","type":"page","link":"https:\/\/www.space-aero.org\/de\/projekte\/","title":{"rendered":"Projekte"},"content":{"rendered":"[vc_row][vc_column][vc_column_text]<span style=\"font-family: arial, helvetica, sans-serif; font-size: 14px; color: #333333;\">Jedes Projekt beginnt zur Identifizierung des Verbesserungspotenziales mit einer individuellen <strong><span style=\"color: #005a8d;\">Diagnose<\/span><\/strong>. Hierbei werden die bestehenden Prozesse mit den Schwerpunkten Planung, Einkauf, Produktion, Qualit\u00e4t sowie Leadership und Digitalisierung mittels standardisierter Tools zur industriellen Reifegradmessung bewertet.<\/span><\/p>\n<p>&nbsp;<\/p>\n<p><span style=\"font-family: arial, helvetica, sans-serif; color: #333333; font-size: 14px;\">Der Diagnose nachgelagert ist die Phase der gemeinsamen <strong><span style=\"color: #005a8d;\">Projektdefinition<\/span><\/strong>. Basierend auf den Ergebnissen der Diagnose werden aus den analysierten Potentialen die Verbesserungsaktionen abgeleitet und deren Ziele gemeinsam definiert.<br \/>\n<\/span><\/p>\n<p>&nbsp;<\/p>\n<p><span style=\"font-family: arial, helvetica, sans-serif; color: #333333; font-size: 14px;\">Im Anschluss darauf startet erst das eigentliche Projekt, das hei\u00dft die <strong><span style=\"color: #005a8d;\">Projektdurchf\u00fchrung<\/span><\/strong>. Die Umsetzung erfolgt grunds\u00e4tzlich in Eigenregie und wird je nach Bedarf von SPACE angeleitet und unterst\u00fctzt.\u00a0 Dieses Prinzip spiegelt den Gedanken der Unterst\u00fctzung durch SPACE als treibende Kraft wieder. <\/span><span style=\"font-family: arial, helvetica, sans-serif; color: #333333; font-size: 14px;\">Abgeschlossen wird die Projektphase durch eine <strong><span style=\"color: #005a8d;\">Nachhaltigkeitspr\u00fcfung. <\/span><\/strong><span style=\"color: #005a8d;\"><span style=\"color: #333333;\">Mit der<\/span><\/span> Aufnahme der Erreichung der gesetzten Ziele, wie der Einf\u00fchrung von standardisierten Prozessen und systematischer Messsysteme, wird unter anderem der m\u00f6gliche Bedarf an einem Folgeprojekte ableitet.<br \/>\n<\/span><\/p>\n<p>&nbsp;<\/p>\n<p><span style=\"font-family: arial, helvetica, sans-serif; font-size: 14px; color: #333333;\">Erg\u00e4nzend als begleitende Ma\u00dfnahme zum Projekt oder unabh\u00e4ngig von einem Projekt bieten wir die Durchf\u00fchrung von <span style=\"color: #005a8d;\"><strong>Trainings<\/strong><\/span> an. Die Inhalte leiten sich entsprechend aus den Modulen Planung, Beschaffung, Produktion, Qualit\u00e4t sowie Leadership und Digitalisierung ab. Themen wie 5S-Methode, Six Sigma, Lead Change, Shared Vision etc. k\u00f6nnen den Inhalt eines Trainings bilden.<\/span>[\/vc_column_text][\/vc_column][\/vc_row][vc_row max_width=\"60\"][vc_column][vc_single_image image=\"6919\"][\/vc_column][\/vc_row]\n","protected":false},"excerpt":{"rendered":"<p>[vc_row][vc_column][vc_column_text]Jedes Projekt beginnt zur Identifizierung des Verbesserungspotenziales mit einer individuellen Diagnose. Hierbei werden die bestehenden Prozesse mit den Schwerpunkten Planung, Einkauf, Produktion, Qualit\u00e4t sowie Leadership und Digitalisierung mittels standardisierter Tools zur industriellen Reifegradmessung bewertet. &nbsp; Der Diagnose nachgelagert ist die&hellip;<\/p>\n","protected":false},"author":27,"featured_media":0,"parent":0,"menu_order":0,"comment_status":"closed","ping_status":"closed","template":"","meta":[],"yoast_head":"<!-- This site is optimized with the Yoast SEO plugin v15.7 - https:\/\/yoast.com\/wordpress\/plugins\/seo\/ -->\n<title>Projekte - SPACE Aero<\/title>\n<meta name=\"robots\" content=\"index, follow, max-snippet:-1, max-image-preview:large, max-video-preview:-1\" \/>\n<link rel=\"canonical\" href=\"https:\/\/www.space-aero.org\/de\/projekte\/\" \/>\n<meta property=\"og:locale\" content=\"de_DE\" \/>\n<meta property=\"og:type\" content=\"article\" \/>\n<meta property=\"og:title\" content=\"Projekte - SPACE Aero\" \/>\n<meta property=\"og:description\" content=\"[vc_row][vc_column][vc_column_text]Jedes Projekt beginnt zur Identifizierung des Verbesserungspotenziales mit einer individuellen Diagnose. Hierbei werden die bestehenden Prozesse mit den Schwerpunkten Planung, Einkauf, Produktion, Qualit\u00e4t sowie Leadership und Digitalisierung mittels standardisierter Tools zur industriellen Reifegradmessung bewertet. &nbsp; Der Diagnose nachgelagert ist die&hellip;\" \/>\n<meta property=\"og:url\" content=\"https:\/\/www.space-aero.org\/de\/projekte\/\" \/>\n<meta property=\"og:site_name\" content=\"SPACE Aero\" \/>\n<meta property=\"article:modified_time\" content=\"2021-07-28T14:01:03+00:00\" \/>\n<meta property=\"og:image\" content=\"https:\/\/www.space-aero.org\/wp-content\/uploads\/2018\/07\/photo_home_space-1.jpg\" \/>\n\t<meta property=\"og:image:width\" content=\"2000\" \/>\n\t<meta property=\"og:image:height\" content=\"1329\" \/>\n<meta name=\"twitter:card\" content=\"summary_large_image\" \/>\n<meta name=\"twitter:label1\" content=\"Gesch\u00e4tzte Lesezeit\">\n\t<meta name=\"twitter:data1\" content=\"1 Minute\">\n<script type=\"application\/ld+json\" class=\"yoast-schema-graph\">{\"@context\":\"https:\/\/schema.org\",\"@graph\":[{\"@type\":\"WebSite\",\"@id\":\"https:\/\/www.space-aero.org\/en\/#website\",\"url\":\"https:\/\/www.space-aero.org\/en\/\",\"name\":\"SPACE Aero\",\"description\":\"Supply chain Progress towards Aeronautical Community Excellence\",\"potentialAction\":[{\"@type\":\"SearchAction\",\"target\":\"https:\/\/www.space-aero.org\/en\/?s={search_term_string}\",\"query-input\":\"required name=search_term_string\"}],\"inLanguage\":\"de-DE\"},{\"@type\":\"WebPage\",\"@id\":\"https:\/\/www.space-aero.org\/de\/projekte\/#webpage\",\"url\":\"https:\/\/www.space-aero.org\/de\/projekte\/\",\"name\":\"Projekte - SPACE Aero\",\"isPartOf\":{\"@id\":\"https:\/\/www.space-aero.org\/en\/#website\"},\"datePublished\":\"2018-11-05T08:19:11+00:00\",\"dateModified\":\"2021-07-28T14:01:03+00:00\",\"breadcrumb\":{\"@id\":\"https:\/\/www.space-aero.org\/de\/projekte\/#breadcrumb\"},\"inLanguage\":\"de-DE\",\"potentialAction\":[{\"@type\":\"ReadAction\",\"target\":[\"https:\/\/www.space-aero.org\/de\/projekte\/\"]}]},{\"@type\":\"BreadcrumbList\",\"@id\":\"https:\/\/www.space-aero.org\/de\/projekte\/#breadcrumb\",\"itemListElement\":[{\"@type\":\"ListItem\",\"position\":1,\"item\":{\"@type\":\"WebPage\",\"@id\":\"https:\/\/www.space-aero.org\/de\/\",\"url\":\"https:\/\/www.space-aero.org\/de\/\",\"name\":\"Home\"}},{\"@type\":\"ListItem\",\"position\":2,\"item\":{\"@type\":\"WebPage\",\"@id\":\"https:\/\/www.space-aero.org\/de\/projekte\/\",\"url\":\"https:\/\/www.space-aero.org\/de\/projekte\/\",\"name\":\"Projekte\"}}]}]}<\/script>\n<!-- \/ Yoast SEO plugin. -->","_links":{"self":[{"href":"https:\/\/www.space-aero.org\/de\/wp-json\/wp\/v2\/pages\/1090"}],"collection":[{"href":"https:\/\/www.space-aero.org\/de\/wp-json\/wp\/v2\/pages"}],"about":[{"href":"https:\/\/www.space-aero.org\/de\/wp-json\/wp\/v2\/types\/page"}],"author":[{"embeddable":true,"href":"https:\/\/www.space-aero.org\/de\/wp-json\/wp\/v2\/users\/27"}],"replies":[{"embeddable":true,"href":"https:\/\/www.space-aero.org\/de\/wp-json\/wp\/v2\/comments?post=1090"}],"version-history":[{"count":15,"href":"https:\/\/www.space-aero.org\/de\/wp-json\/wp\/v2\/pages\/1090\/revisions"}],"predecessor-version":[{"id":10574,"href":"https:\/\/www.space-aero.org\/de\/wp-json\/wp\/v2\/pages\/1090\/revisions\/10574"}],"wp:attachment":[{"href":"https:\/\/www.space-aero.org\/de\/wp-json\/wp\/v2\/media?parent=1090"}],"curies":[{"name":"wp","href":"https:\/\/api.w.org\/{rel}","templated":true}]}}