{"id":1091,"date":"2018-11-05T09:19:14","date_gmt":"2018-11-05T08:19:14","guid":{"rendered":"https:\/\/www.space-aero.org\/?page_id=1091"},"modified":"2025-06-02T23:01:45","modified_gmt":"2025-06-02T21:01:45","slug":"was-ist-space","status":"publish","type":"page","link":"https:\/\/www.space-aero.org\/de\/was-ist-space\/","title":{"rendered":"SCE A"},"content":{"rendered":"[vc_row][vc_column][vc_column_text]\n<p style=\"text-align: center;\"><span style=\"font-size: 13px;\"><span style=\"font-family: arial, helvetica, sans-serif; color: #333333;\">Im Juni 2007 haben die wichtigsten Auftraggeber der europ\u00e4ischen zivilen Luft- und Raumfahrt den europ\u00e4ischen Branchenverband <strong>'SPACE aero'<\/strong> gegr\u00fcndet. Dies geschah vor dem damaligen Hintergrund der weltweit stark zunehmenden Nachfrage nach zivilen Flugzeugen und der damit einhergehenden signifikanten Produktionserh\u00f6hungen. <\/span><span style=\"font-family: arial, helvetica, sans-serif; color: #333333;\">Das gemeinsame Ziel: <\/span><span style=\"font-family: arial, helvetica, sans-serif; color: #333333;\"><strong>Steigerung der Wettbewerbsf\u00e4higkeit, der Stabilit\u00e4t und Agilit\u00e4t der europ\u00e4ischen Zulieferkette (Supply Chain) entlang aller Wertsch\u00f6pfungsstufen.\u00a0<\/strong><\/span><\/span><\/p>\n<p style=\"text-align: center;\"><span style=\"font-family: arial, helvetica, sans-serif; font-size: 13px; color: #333333;\">Im Dezember 2016 wurde dann national der <span style=\"color: #595959;\"><strong>SPACE Deutschland e.V.<\/strong><\/span> in Berlin mit dem Ziel gegr\u00fcndet:<br \/>\n<\/span><\/p>\n<p style=\"text-align: center;\"><span style=\"font-family: arial, helvetica, sans-serif; font-size: 14px; color: #005a8d;\"><strong><br \/>\nNachhaltige Verbesserung der industriellen Leistungsf\u00e4higkeit (Industrial Performance) der deutschen Luftfahrtindustrie und deren Zulieferkette.<\/strong><\/span><\/p>\n<p style=\"text-align: center;\"><span style=\"font-family: arial, helvetica, sans-serif; font-size: 14px; color: #333333;\"><br \/>\nIm Juli 2021 erfolgte die Namens\u00e4nderung:<\/span><\/p>\n<p style=\"text-align: center;\"><span style=\"font-family: arial, helvetica, sans-serif; font-size: 14px; color: #333333;\"><span style=\"color: #005a8d;\"><strong>SCE A Deutschland e.V<\/strong><\/span>.<\/span><\/p>\n<p style=\"text-align: center;\"><span style=\"font-family: arial, helvetica, sans-serif; font-size: 14px; color: #333333;\"><br \/>\nDiese Ziele auf der europ\u00e4ischen Ebene - als auch auf nationaler Ebene \u2013 sind damals wie heute aktuell. <\/span><span style=\"font-family: arial, helvetica, sans-serif; font-size: 14px; color: #333333;\">Die Anpassung der einzelnen Unternehmen der Supply Chain an die jeweiligen Notwendigkeiten, die durch konjunkturelle, gesellschaftliche oder \u00e4u\u00dfere Einfl\u00fcsse gegeben sind, ist stets unumg\u00e4nglich. Nach der langen Wachstumsphase steht die Branche, und somit die Supply Chain, momentan vor g\u00e4nzlich neuen Herausforderungen, um die gemeinsamen Ziele zu erreichen.\u00a0<\/span><\/p>\n<p style=\"text-align: center;\"><span style=\"font-family: arial, helvetica, sans-serif; font-size: 14px; color: #333333;\">Unsere Unterst\u00fctzung bleibt und richtet sich an den Notwendigkeiten neu aus!<\/span><\/p>\n<p style=\"text-align: center;\"><span style=\"font-family: arial, helvetica, sans-serif; font-size: 14px; color: #333333;\">Die nachhaltige Verbesserung <span style=\"color: #005a8d;\"><strong>Ihrer<\/strong> Industrial Performance<\/span> unter Einbeziehung aller Beteiligten in die Ver\u00e4nderungen ist unser gemeinsames Ziel.<\/span><\/p>\n<p style=\"text-align: center;\"><span style=\"font-family: arial, helvetica, sans-serif; font-size: 14px; color: #333333;\">Gemeinsam arbeiten wir an <span style=\"color: #005a8d;\"><strong>Ihrem<\/strong><\/span> <span style=\"color: #005a8d;\">Erfolg<\/span>. Nutzen Sie uns als die treibende Kraft f\u00fcr die Ver\u00e4nderungen und anstehenden Verbesserungen. <\/span><\/p>\n<p style=\"text-align: center;\"><span style=\"font-family: arial, helvetica, sans-serif; font-size: 14px; color: #333333;\"><br \/>\nWir analysieren, empfehlen und setzen um, was Sie priorisieren.<\/span><\/p>\n<p style=\"text-align: center;\"><span style=\"font-family: arial, helvetica, sans-serif; font-size: 14px; color: #005a8d;\">\u00a0<strong>S<\/strong>upply <strong>C<\/strong>hain <strong>E<\/strong>xcellence <strong>A<\/strong>erospace\u00a0<\/span><\/p>\n[\/vc_column_text][\/vc_column][\/vc_row]\n","protected":false},"excerpt":{"rendered":"<p>[vc_row][vc_column][vc_column_text] Im Juni 2007 haben die wichtigsten Auftraggeber der europ\u00e4ischen zivilen Luft- und Raumfahrt den europ\u00e4ischen Branchenverband &#8218;SPACE aero&#8216; gegr\u00fcndet. Dies geschah vor dem damaligen Hintergrund der weltweit stark zunehmenden Nachfrage nach zivilen Flugzeugen und der damit einhergehenden signifikanten Produktionserh\u00f6hungen.&hellip;<\/p>\n","protected":false},"author":27,"featured_media":0,"parent":0,"menu_order":0,"comment_status":"closed","ping_status":"closed","template":"","meta":[],"yoast_head":"<!-- This site is optimized with the Yoast SEO plugin v15.7 - https:\/\/yoast.com\/wordpress\/plugins\/seo\/ -->\n<title>SCE A - SPACE Aero<\/title>\n<meta name=\"robots\" content=\"index, follow, max-snippet:-1, max-image-preview:large, max-video-preview:-1\" \/>\n<link rel=\"canonical\" href=\"https:\/\/www.space-aero.org\/de\/was-ist-space\/\" \/>\n<meta property=\"og:locale\" content=\"de_DE\" \/>\n<meta property=\"og:type\" content=\"article\" \/>\n<meta property=\"og:title\" content=\"SCE A - SPACE Aero\" \/>\n<meta property=\"og:description\" content=\"[vc_row][vc_column][vc_column_text] Im Juni 2007 haben die wichtigsten Auftraggeber der europ\u00e4ischen zivilen Luft- und Raumfahrt den europ\u00e4ischen Branchenverband &#039;SPACE aero&#039; gegr\u00fcndet. Dies geschah vor dem damaligen Hintergrund der weltweit stark zunehmenden Nachfrage nach zivilen Flugzeugen und der damit einhergehenden signifikanten Produktionserh\u00f6hungen.&hellip;\" \/>\n<meta property=\"og:url\" content=\"https:\/\/www.space-aero.org\/de\/was-ist-space\/\" \/>\n<meta property=\"og:site_name\" content=\"SPACE Aero\" \/>\n<meta property=\"article:modified_time\" content=\"2025-06-02T21:01:45+00:00\" \/>\n<meta property=\"og:image\" content=\"https:\/\/www.space-aero.org\/wp-content\/uploads\/2018\/07\/photo_home_space-1.jpg\" \/>\n\t<meta property=\"og:image:width\" content=\"2000\" \/>\n\t<meta property=\"og:image:height\" content=\"1329\" \/>\n<meta name=\"twitter:card\" content=\"summary_large_image\" \/>\n<meta name=\"twitter:label1\" content=\"Gesch\u00e4tzte Lesezeit\">\n\t<meta name=\"twitter:data1\" content=\"1 Minute\">\n<script type=\"application\/ld+json\" class=\"yoast-schema-graph\">{\"@context\":\"https:\/\/schema.org\",\"@graph\":[{\"@type\":\"WebSite\",\"@id\":\"https:\/\/www.space-aero.org\/en\/#website\",\"url\":\"https:\/\/www.space-aero.org\/en\/\",\"name\":\"SPACE Aero\",\"description\":\"Supply chain Progress towards Aeronautical Community Excellence\",\"potentialAction\":[{\"@type\":\"SearchAction\",\"target\":\"https:\/\/www.space-aero.org\/en\/?s={search_term_string}\",\"query-input\":\"required name=search_term_string\"}],\"inLanguage\":\"de-DE\"},{\"@type\":\"WebPage\",\"@id\":\"https:\/\/www.space-aero.org\/de\/was-ist-space\/#webpage\",\"url\":\"https:\/\/www.space-aero.org\/de\/was-ist-space\/\",\"name\":\"SCE A - SPACE Aero\",\"isPartOf\":{\"@id\":\"https:\/\/www.space-aero.org\/en\/#website\"},\"datePublished\":\"2018-11-05T08:19:14+00:00\",\"dateModified\":\"2025-06-02T21:01:45+00:00\",\"breadcrumb\":{\"@id\":\"https:\/\/www.space-aero.org\/de\/was-ist-space\/#breadcrumb\"},\"inLanguage\":\"de-DE\",\"potentialAction\":[{\"@type\":\"ReadAction\",\"target\":[\"https:\/\/www.space-aero.org\/de\/was-ist-space\/\"]}]},{\"@type\":\"BreadcrumbList\",\"@id\":\"https:\/\/www.space-aero.org\/de\/was-ist-space\/#breadcrumb\",\"itemListElement\":[{\"@type\":\"ListItem\",\"position\":1,\"item\":{\"@type\":\"WebPage\",\"@id\":\"https:\/\/www.space-aero.org\/de\/\",\"url\":\"https:\/\/www.space-aero.org\/de\/\",\"name\":\"Home\"}},{\"@type\":\"ListItem\",\"position\":2,\"item\":{\"@type\":\"WebPage\",\"@id\":\"https:\/\/www.space-aero.org\/de\/was-ist-space\/\",\"url\":\"https:\/\/www.space-aero.org\/de\/was-ist-space\/\",\"name\":\"SCE A\"}}]}]}<\/script>\n<!-- \/ Yoast SEO plugin. -->","_links":{"self":[{"href":"https:\/\/www.space-aero.org\/de\/wp-json\/wp\/v2\/pages\/1091"}],"collection":[{"href":"https:\/\/www.space-aero.org\/de\/wp-json\/wp\/v2\/pages"}],"about":[{"href":"https:\/\/www.space-aero.org\/de\/wp-json\/wp\/v2\/types\/page"}],"author":[{"embeddable":true,"href":"https:\/\/www.space-aero.org\/de\/wp-json\/wp\/v2\/users\/27"}],"replies":[{"embeddable":true,"href":"https:\/\/www.space-aero.org\/de\/wp-json\/wp\/v2\/comments?post=1091"}],"version-history":[{"count":41,"href":"https:\/\/www.space-aero.org\/de\/wp-json\/wp\/v2\/pages\/1091\/revisions"}],"predecessor-version":[{"id":16376,"href":"https:\/\/www.space-aero.org\/de\/wp-json\/wp\/v2\/pages\/1091\/revisions\/16376"}],"wp:attachment":[{"href":"https:\/\/www.space-aero.org\/de\/wp-json\/wp\/v2\/media?parent=1091"}],"curies":[{"name":"wp","href":"https:\/\/api.w.org\/{rel}","templated":true}]}}