{"id":1119,"date":"2018-11-05T09:23:06","date_gmt":"2018-11-05T08:23:06","guid":{"rendered":"https:\/\/www.space-aero.org\/?page_id=1119"},"modified":"2022-03-30T20:36:25","modified_gmt":"2022-03-30T18:36:25","slug":"zielsetzungen","status":"publish","type":"page","link":"https:\/\/www.space-aero.org\/de\/was-ist-space\/zielsetzungen\/","title":{"rendered":"Zielsetzungen"},"content":{"rendered":"<p style=\"text-align: center;\"><span style=\"font-family: arial, helvetica, sans-serif; font-size: 14px; color: #333333;\"><strong>SCE A<\/strong> \u00a0 |\u00a0 \u00a0<\/span><span style=\"font-family: arial, helvetica, sans-serif; font-size: 14px; color: #333333;\"><b>Supply Chain Excellence Aerospace<\/b><\/span><\/p>\n<p style=\"text-align: center;\"><span style=\"font-family: arial, helvetica, sans-serif; font-size: 14px; color: #333333;\">ist eine europ\u00e4ische Initiative der Luftfahrtindustrie, mit dem Ziel gegr\u00fcndet, die <strong><span style=\"color: #005a8d;\">globale Wettbewerbsf\u00e4higkeit und damit die Leistungsf\u00e4higkeit<\/span><\/strong> der kleinen- und mittelst\u00e4ndischen Zulieferer der Luft- und Raumfahrtindustrie durch gezielte Verbesserungsprojekte zu <strong><span style=\"color: #005a8d;\">erh\u00f6hen<\/span><\/strong><b>. <\/b><\/span><\/p>\n<p style=\"text-align: center;\"><span style=\"font-family: arial, helvetica, sans-serif; font-size: 14px; color: #333333;\">SCE A stellt hierf\u00fcr erfahrene Experten bereit, die auf Basis einer Diagnose ihre Expertise in Verbesserungsprojekten zum Nutzen des Unternehmens einbringen. Dabei konzentrieren sich die Projekte auf folgende Einflussgr\u00f6\u00dfen:\u00a0\u00a0\u00a0\u00a0 <span style=\"color: #005a8d;\"><strong>Q - T - C\u00a0\u00a0 |\u00a0 Quality - Time - Cost<\/strong>.\u00a0\u00a0\u00a0\u00a0 <span style=\"color: #333333;\">Final nehmen die Verbesserungen Einfluss auf die KPIs wie Rejection Rate und Scrap Rate sowie On-Time-Delivery und Durchlaufzeiten.<\/span><br \/>\n<\/span><\/span><\/p>\n<p style=\"text-align: center;\"><span style=\"font-family: arial, helvetica, sans-serif; font-size: 14px; color: #333333;\"><span style=\"color: #005a8d;\"><strong>Die dadurch erzielten Verbesserungen f\u00fchren zu einer deutlichen Reduzierung der St\u00fcckkosten und erh\u00f6hen damit die Wettbewerbsf\u00e4higkeit!<\/strong><\/span><br \/>\n<\/span><\/p>\n<p>&nbsp;<\/p>\n<p>&nbsp;<\/p>\n","protected":false},"excerpt":{"rendered":"<p>SCE A \u00a0 |\u00a0 \u00a0Supply Chain Excellence Aerospace ist eine europ\u00e4ische Initiative der Luftfahrtindustrie, mit dem Ziel gegr\u00fcndet, die globale Wettbewerbsf\u00e4higkeit und damit die Leistungsf\u00e4higkeit der kleinen- und mittelst\u00e4ndischen Zulieferer der Luft- und Raumfahrtindustrie durch gezielte Verbesserungsprojekte zu erh\u00f6hen. SCE&hellip;<\/p>\n","protected":false},"author":27,"featured_media":0,"parent":1091,"menu_order":0,"comment_status":"closed","ping_status":"closed","template":"","meta":[],"yoast_head":"<!-- This site is optimized with the Yoast SEO plugin v15.7 - https:\/\/yoast.com\/wordpress\/plugins\/seo\/ -->\n<title>Zielsetzungen - SPACE Aero<\/title>\n<meta name=\"robots\" content=\"index, follow, max-snippet:-1, max-image-preview:large, max-video-preview:-1\" \/>\n<link rel=\"canonical\" href=\"https:\/\/www.space-aero.org\/de\/was-ist-space\/zielsetzungen\/\" \/>\n<meta property=\"og:locale\" content=\"de_DE\" \/>\n<meta property=\"og:type\" content=\"article\" \/>\n<meta property=\"og:title\" content=\"Zielsetzungen - SPACE Aero\" \/>\n<meta property=\"og:description\" content=\"SCE A \u00a0 |\u00a0 \u00a0Supply Chain Excellence Aerospace ist eine europ\u00e4ische Initiative der Luftfahrtindustrie, mit dem Ziel gegr\u00fcndet, die globale Wettbewerbsf\u00e4higkeit und damit die Leistungsf\u00e4higkeit der kleinen- und mittelst\u00e4ndischen Zulieferer der Luft- und Raumfahrtindustrie durch gezielte Verbesserungsprojekte zu erh\u00f6hen. SCE&hellip;\" \/>\n<meta property=\"og:url\" content=\"https:\/\/www.space-aero.org\/de\/was-ist-space\/zielsetzungen\/\" \/>\n<meta property=\"og:site_name\" content=\"SPACE Aero\" \/>\n<meta property=\"article:modified_time\" content=\"2022-03-30T18:36:25+00:00\" \/>\n<meta property=\"og:image\" content=\"https:\/\/www.space-aero.org\/wp-content\/uploads\/2018\/07\/photo_home_space-1.jpg\" \/>\n\t<meta property=\"og:image:width\" content=\"2000\" \/>\n\t<meta property=\"og:image:height\" content=\"1329\" \/>\n<meta name=\"twitter:card\" content=\"summary_large_image\" \/>\n<meta name=\"twitter:label1\" content=\"Gesch\u00e4tzte Lesezeit\">\n\t<meta name=\"twitter:data1\" content=\"1 Minute\">\n<script type=\"application\/ld+json\" class=\"yoast-schema-graph\">{\"@context\":\"https:\/\/schema.org\",\"@graph\":[{\"@type\":\"WebSite\",\"@id\":\"https:\/\/www.space-aero.org\/en\/#website\",\"url\":\"https:\/\/www.space-aero.org\/en\/\",\"name\":\"SPACE Aero\",\"description\":\"Supply chain Progress towards Aeronautical Community Excellence\",\"potentialAction\":[{\"@type\":\"SearchAction\",\"target\":\"https:\/\/www.space-aero.org\/en\/?s={search_term_string}\",\"query-input\":\"required name=search_term_string\"}],\"inLanguage\":\"de-DE\"},{\"@type\":\"WebPage\",\"@id\":\"https:\/\/www.space-aero.org\/de\/was-ist-space\/zielsetzungen\/#webpage\",\"url\":\"https:\/\/www.space-aero.org\/de\/was-ist-space\/zielsetzungen\/\",\"name\":\"Zielsetzungen - SPACE Aero\",\"isPartOf\":{\"@id\":\"https:\/\/www.space-aero.org\/en\/#website\"},\"datePublished\":\"2018-11-05T08:23:06+00:00\",\"dateModified\":\"2022-03-30T18:36:25+00:00\",\"breadcrumb\":{\"@id\":\"https:\/\/www.space-aero.org\/de\/was-ist-space\/zielsetzungen\/#breadcrumb\"},\"inLanguage\":\"de-DE\",\"potentialAction\":[{\"@type\":\"ReadAction\",\"target\":[\"https:\/\/www.space-aero.org\/de\/was-ist-space\/zielsetzungen\/\"]}]},{\"@type\":\"BreadcrumbList\",\"@id\":\"https:\/\/www.space-aero.org\/de\/was-ist-space\/zielsetzungen\/#breadcrumb\",\"itemListElement\":[{\"@type\":\"ListItem\",\"position\":1,\"item\":{\"@type\":\"WebPage\",\"@id\":\"https:\/\/www.space-aero.org\/de\/\",\"url\":\"https:\/\/www.space-aero.org\/de\/\",\"name\":\"Home\"}},{\"@type\":\"ListItem\",\"position\":2,\"item\":{\"@type\":\"WebPage\",\"@id\":\"https:\/\/www.space-aero.org\/de\/was-ist-space\/\",\"url\":\"https:\/\/www.space-aero.org\/de\/was-ist-space\/\",\"name\":\"SCE A\"}},{\"@type\":\"ListItem\",\"position\":3,\"item\":{\"@type\":\"WebPage\",\"@id\":\"https:\/\/www.space-aero.org\/de\/was-ist-space\/zielsetzungen\/\",\"url\":\"https:\/\/www.space-aero.org\/de\/was-ist-space\/zielsetzungen\/\",\"name\":\"Zielsetzungen\"}}]}]}<\/script>\n<!-- \/ Yoast SEO plugin. -->","_links":{"self":[{"href":"https:\/\/www.space-aero.org\/de\/wp-json\/wp\/v2\/pages\/1119"}],"collection":[{"href":"https:\/\/www.space-aero.org\/de\/wp-json\/wp\/v2\/pages"}],"about":[{"href":"https:\/\/www.space-aero.org\/de\/wp-json\/wp\/v2\/types\/page"}],"author":[{"embeddable":true,"href":"https:\/\/www.space-aero.org\/de\/wp-json\/wp\/v2\/users\/27"}],"replies":[{"embeddable":true,"href":"https:\/\/www.space-aero.org\/de\/wp-json\/wp\/v2\/comments?post=1119"}],"version-history":[{"count":11,"href":"https:\/\/www.space-aero.org\/de\/wp-json\/wp\/v2\/pages\/1119\/revisions"}],"predecessor-version":[{"id":12271,"href":"https:\/\/www.space-aero.org\/de\/wp-json\/wp\/v2\/pages\/1119\/revisions\/12271"}],"up":[{"embeddable":true,"href":"https:\/\/www.space-aero.org\/de\/wp-json\/wp\/v2\/pages\/1091"}],"wp:attachment":[{"href":"https:\/\/www.space-aero.org\/de\/wp-json\/wp\/v2\/media?parent=1119"}],"curies":[{"name":"wp","href":"https:\/\/api.w.org\/{rel}","templated":true}]}}