{"id":1123,"date":"2018-11-05T09:23:38","date_gmt":"2018-11-05T08:23:38","guid":{"rendered":"https:\/\/www.space-aero.org\/?page_id=1123"},"modified":"2025-06-02T12:03:10","modified_gmt":"2025-06-02T10:03:10","slug":"jahresbeitrag","status":"publish","type":"page","link":"https:\/\/www.space-aero.org\/de\/mitgliedschaft\/jahresbeitrag\/","title":{"rendered":"Jahresbeitrag"},"content":{"rendered":"<p><span style=\"font-family: arial, helvetica, sans-serif; font-size: 14px;\">Die Mitgliederversammlung des SCE A Deutschland e.V. hat <strong><span style=\"color: #005a8d;\">Jahresbeitr\u00e4ge<\/span><\/strong> festgelegt, die <strong><span style=\"color: #005a8d;\">abh\u00e4ngig vom<\/span><\/strong> <span style=\"color: #005a8d;\"><strong>Luftfahrtumsatz<\/strong><\/span> des Mitgliedsunternehmens sind. Folgende Betragss\u00e4tze gelten f\u00fcr die unterschiedlichen Mitgliedschaften:<\/span><\/p>\n<p>&nbsp;<\/p>\n<table style=\"height: 169px; width: 72.0243%; border-collapse: collapse; border-color: #ffffff;\">\n<tbody>\n<tr style=\"height: 35px;\">\n<td style=\"width: 110.739%; height: 35px;\" colspan=\"3\"><strong><span style=\"font-family: arial, helvetica, sans-serif; font-size: 14px; color: #005a8d;\">Assoziierte Mitglieder<\/span><\/strong><\/td>\n<\/tr>\n<tr style=\"height: 24px;\">\n<td style=\"width: 25.7983%; height: 44px; padding-left: 40px;\" rowspan=\"3\"><span style=\"color: #333333; font-family: arial, helvetica, sans-serif;\"><span style=\"font-size: 14px;\">Bei einem Umsatz im Luftfahrtsektor<\/span><\/span><\/td>\n<td style=\"width: 44.1272%; height: 10px; text-align: right;\"><span style=\"font-family: arial, helvetica, sans-serif; font-size: 14px; color: #333333;\">&gt;100 Millionen Euro:<\/span><\/td>\n<td style=\"width: 40.8134%; height: 10px; text-align: right;\"><span style=\"font-family: arial, helvetica, sans-serif; font-size: 14px; color: #333333;\">11.000 EUR<\/span><\/td>\n<\/tr>\n<tr style=\"height: 24px;\">\n<td style=\"width: 44.1272%; height: 10px; text-align: right;\"><span style=\"font-family: arial, helvetica, sans-serif; font-size: 14px; color: #333333;\">&gt; 10 Millionen Euro:<\/span><\/td>\n<td style=\"width: 40.8134%; height: 10px; text-align: right;\"><span style=\"font-family: arial, helvetica, sans-serif; font-size: 14px; color: #333333;\">3.300 EUR<\/span><\/td>\n<\/tr>\n<tr>\n<td style=\"width: 44.1272%; text-align: right;\"><span style=\"font-family: arial, helvetica, sans-serif; font-size: 14px; color: #333333;\">\u2264 10 Millionen Euro:<\/span><\/td>\n<td style=\"width: 40.8134%; text-align: right;\"><span style=\"font-family: arial, helvetica, sans-serif; font-size: 14px; color: #333333;\">1.100 EUR<\/span><\/td>\n<\/tr>\n<\/tbody>\n<\/table>\n<p>&nbsp;<\/p>\n<table style=\"height: 169px; width: 72.0243%; border-collapse: collapse; border-color: #ffffff;\">\n<tbody>\n<tr style=\"height: 33px;\">\n<td style=\"height: 12px; width: 110.739%;\" colspan=\"3\"><span style=\"color: #005a8d;\"><strong><span style=\"font-family: arial, helvetica, sans-serif; font-size: 14px;\">Ordentliche Mitglieder<\/span><\/strong><\/span><\/td>\n<\/tr>\n<tr style=\"height: 24px;\">\n<td style=\"width: 25.7983%; height: 50px; padding-left: 40px;\" rowspan=\"5\"><span style=\"font-family: arial, helvetica, sans-serif; font-size: 14px; color: #333333;\"><span style=\"color: #333333; font-family: arial, helvetica, sans-serif;\"><span style=\"font-size: 14px;\">Bei einem Umsatz im Luftfahrtsektor<\/span><\/span><\/span><\/td>\n<td style=\"width: 44.1272%; height: 10px; text-align: right;\"><span style=\"font-family: arial, helvetica, sans-serif; font-size: 14px; color: #333333;\">&gt; 5 Milliarden Euro:\u00a0<\/span><\/td>\n<td style=\"width: 40.8134%; height: 10px; text-align: right;\"><span style=\"color: #333333; font-family: arial, helvetica, sans-serif; font-size: 14px;\"> 66.000 EUR<\/span><\/td>\n<\/tr>\n<tr style=\"height: 24px;\">\n<td style=\"width: 44.1272%; height: 10px; padding-left: 40px; text-align: right;\"><span style=\"font-family: arial, helvetica, sans-serif; font-size: 14px; color: #333333;\">&gt; 1 Milliarde Euro:<\/span><\/td>\n<td style=\"width: 40.8134%; height: 10px; text-align: right;\"><span style=\"color: #333333; font-family: arial, helvetica, sans-serif; font-size: 14px;\">39.600 EUR<\/span><\/td>\n<\/tr>\n<tr style=\"height: 24px;\">\n<td style=\"width: 44.1272%; height: 10px; text-align: right;\"><span style=\"font-family: arial, helvetica, sans-serif; font-size: 14px; color: #333333;\">&gt; 200 Millionen Euro:<\/span><\/td>\n<td style=\"width: 40.8134%; height: 10px; text-align: right;\"><span style=\"color: #333333; font-family: arial, helvetica, sans-serif; font-size: 14px;\">19.800 EUR<\/span><\/td>\n<\/tr>\n<tr style=\"height: 24px;\">\n<td style=\"width: 44.1272%; height: 10px; text-align: right;\"><span style=\"font-family: arial, helvetica, sans-serif; font-size: 14px; color: #333333;\">&gt;100 Millionen Euro:<\/span><\/td>\n<td style=\"width: 40.8134%; height: 10px; text-align: right;\"><span style=\"color: #333333; font-family: arial, helvetica, sans-serif; font-size: 14px;\">13.200 EUR<\/span><\/td>\n<\/tr>\n<tr style=\"height: 24px;\">\n<td style=\"width: 44.1272%; height: 10px; text-align: right;\"><span style=\"font-family: arial, helvetica, sans-serif; font-size: 14px; color: #333333;\">\u2264 100 Millionen Euro:<\/span><\/td>\n<td style=\"width: 40.8134%; height: 10px; text-align: right;\"><span style=\"color: #333333; font-family: arial, helvetica, sans-serif; font-size: 14px;\"> 3.300 EUR<\/span><\/td>\n<\/tr>\n<\/tbody>\n<\/table>\n","protected":false},"excerpt":{"rendered":"<p>Die Mitgliederversammlung des SCE A Deutschland e.V. hat Jahresbeitr\u00e4ge festgelegt, die abh\u00e4ngig vom Luftfahrtumsatz des Mitgliedsunternehmens sind. Folgende Betragss\u00e4tze gelten f\u00fcr die unterschiedlichen Mitgliedschaften: &nbsp; Assoziierte Mitglieder Bei einem Umsatz im Luftfahrtsektor &gt;100 Millionen Euro: 11.000 EUR &gt; 10 Millionen&hellip;<\/p>\n","protected":false},"author":27,"featured_media":0,"parent":1092,"menu_order":0,"comment_status":"closed","ping_status":"closed","template":"","meta":[],"yoast_head":"<!-- This site is optimized with the Yoast SEO plugin v15.7 - https:\/\/yoast.com\/wordpress\/plugins\/seo\/ -->\n<title>Jahresbeitrag - SPACE Aero<\/title>\n<meta name=\"robots\" content=\"index, follow, max-snippet:-1, max-image-preview:large, max-video-preview:-1\" \/>\n<link rel=\"canonical\" href=\"https:\/\/www.space-aero.org\/de\/mitgliedschaft\/jahresbeitrag\/\" \/>\n<meta property=\"og:locale\" content=\"de_DE\" \/>\n<meta property=\"og:type\" content=\"article\" \/>\n<meta property=\"og:title\" content=\"Jahresbeitrag - SPACE Aero\" \/>\n<meta property=\"og:description\" content=\"Die Mitgliederversammlung des SCE A Deutschland e.V. hat Jahresbeitr\u00e4ge festgelegt, die abh\u00e4ngig vom Luftfahrtumsatz des Mitgliedsunternehmens sind. Folgende Betragss\u00e4tze gelten f\u00fcr die unterschiedlichen Mitgliedschaften: &nbsp; Assoziierte Mitglieder Bei einem Umsatz im Luftfahrtsektor &gt;100 Millionen Euro: 11.000 EUR &gt; 10 Millionen&hellip;\" \/>\n<meta property=\"og:url\" content=\"https:\/\/www.space-aero.org\/de\/mitgliedschaft\/jahresbeitrag\/\" \/>\n<meta property=\"og:site_name\" content=\"SPACE Aero\" \/>\n<meta property=\"article:modified_time\" content=\"2025-06-02T10:03:10+00:00\" \/>\n<meta property=\"og:image\" content=\"https:\/\/www.space-aero.org\/wp-content\/uploads\/2018\/07\/photo_home_space-1.jpg\" \/>\n\t<meta property=\"og:image:width\" content=\"2000\" \/>\n\t<meta property=\"og:image:height\" content=\"1329\" \/>\n<meta name=\"twitter:card\" content=\"summary_large_image\" \/>\n<meta name=\"twitter:label1\" content=\"Gesch\u00e4tzte Lesezeit\">\n\t<meta name=\"twitter:data1\" content=\"1 Minute\">\n<script type=\"application\/ld+json\" class=\"yoast-schema-graph\">{\"@context\":\"https:\/\/schema.org\",\"@graph\":[{\"@type\":\"WebSite\",\"@id\":\"https:\/\/www.space-aero.org\/en\/#website\",\"url\":\"https:\/\/www.space-aero.org\/en\/\",\"name\":\"SPACE Aero\",\"description\":\"Supply chain Progress towards Aeronautical Community Excellence\",\"potentialAction\":[{\"@type\":\"SearchAction\",\"target\":\"https:\/\/www.space-aero.org\/en\/?s={search_term_string}\",\"query-input\":\"required name=search_term_string\"}],\"inLanguage\":\"de-DE\"},{\"@type\":\"WebPage\",\"@id\":\"https:\/\/www.space-aero.org\/de\/mitgliedschaft\/jahresbeitrag\/#webpage\",\"url\":\"https:\/\/www.space-aero.org\/de\/mitgliedschaft\/jahresbeitrag\/\",\"name\":\"Jahresbeitrag - SPACE Aero\",\"isPartOf\":{\"@id\":\"https:\/\/www.space-aero.org\/en\/#website\"},\"datePublished\":\"2018-11-05T08:23:38+00:00\",\"dateModified\":\"2025-06-02T10:03:10+00:00\",\"breadcrumb\":{\"@id\":\"https:\/\/www.space-aero.org\/de\/mitgliedschaft\/jahresbeitrag\/#breadcrumb\"},\"inLanguage\":\"de-DE\",\"potentialAction\":[{\"@type\":\"ReadAction\",\"target\":[\"https:\/\/www.space-aero.org\/de\/mitgliedschaft\/jahresbeitrag\/\"]}]},{\"@type\":\"BreadcrumbList\",\"@id\":\"https:\/\/www.space-aero.org\/de\/mitgliedschaft\/jahresbeitrag\/#breadcrumb\",\"itemListElement\":[{\"@type\":\"ListItem\",\"position\":1,\"item\":{\"@type\":\"WebPage\",\"@id\":\"https:\/\/www.space-aero.org\/de\/\",\"url\":\"https:\/\/www.space-aero.org\/de\/\",\"name\":\"Home\"}},{\"@type\":\"ListItem\",\"position\":2,\"item\":{\"@type\":\"WebPage\",\"@id\":\"https:\/\/www.space-aero.org\/de\/mitgliedschaft\/\",\"url\":\"https:\/\/www.space-aero.org\/de\/mitgliedschaft\/\",\"name\":\"Mitgliedschaft\"}},{\"@type\":\"ListItem\",\"position\":3,\"item\":{\"@type\":\"WebPage\",\"@id\":\"https:\/\/www.space-aero.org\/de\/mitgliedschaft\/jahresbeitrag\/\",\"url\":\"https:\/\/www.space-aero.org\/de\/mitgliedschaft\/jahresbeitrag\/\",\"name\":\"Jahresbeitrag\"}}]}]}<\/script>\n<!-- \/ Yoast SEO plugin. -->","_links":{"self":[{"href":"https:\/\/www.space-aero.org\/de\/wp-json\/wp\/v2\/pages\/1123"}],"collection":[{"href":"https:\/\/www.space-aero.org\/de\/wp-json\/wp\/v2\/pages"}],"about":[{"href":"https:\/\/www.space-aero.org\/de\/wp-json\/wp\/v2\/types\/page"}],"author":[{"embeddable":true,"href":"https:\/\/www.space-aero.org\/de\/wp-json\/wp\/v2\/users\/27"}],"replies":[{"embeddable":true,"href":"https:\/\/www.space-aero.org\/de\/wp-json\/wp\/v2\/comments?post=1123"}],"version-history":[{"count":15,"href":"https:\/\/www.space-aero.org\/de\/wp-json\/wp\/v2\/pages\/1123\/revisions"}],"predecessor-version":[{"id":16375,"href":"https:\/\/www.space-aero.org\/de\/wp-json\/wp\/v2\/pages\/1123\/revisions\/16375"}],"up":[{"embeddable":true,"href":"https:\/\/www.space-aero.org\/de\/wp-json\/wp\/v2\/pages\/1092"}],"wp:attachment":[{"href":"https:\/\/www.space-aero.org\/de\/wp-json\/wp\/v2\/media?parent=1123"}],"curies":[{"name":"wp","href":"https:\/\/api.w.org\/{rel}","templated":true}]}}