{"id":12255,"date":"2022-03-30T15:48:35","date_gmt":"2022-03-30T13:48:35","guid":{"rendered":"https:\/\/www.space-aero.org\/?page_id=12255"},"modified":"2022-03-30T21:43:54","modified_gmt":"2022-03-30T19:43:54","slug":"kooperationen","status":"publish","type":"page","link":"https:\/\/www.space-aero.org\/de\/kooperationen\/","title":{"rendered":"Kooperationen"},"content":{"rendered":"<p style=\"text-align: center;\"><span style=\"font-size: 16px;\"><strong><span style=\"font-family: arial, helvetica, sans-serif; color: #005a8d;\">Zusammenarbeit mit dem Projekttr\u00e4ger Luftfahrtforschung im Rahmen der KMU-Beratung Luftfahrt<\/span><\/strong><\/span><\/p>\n<p style=\"text-align: left;\"><span style=\"font-family: arial, helvetica, sans-serif; font-size: 14px;\"><span style=\"color: #000000;\">Die Luft- und Raumfahrtindustrie ist von strategischer Bedeutung f\u00fcr den Industrie- und Hochtechnologiestandort Deutschland. Sie steht f\u00fcr technologische Innovationen und wissenschaftliche Exzellenz; weit \u00fcber die eigenen Branchengrenzen hinaus. Die Luftfahrtbranche in Deutschland ist gepr\u00e4gt von kleinen und mittelst\u00e4ndischen Unternehmen, die einen gro\u00dfen Beitrag auf dem Weg zu einer emissionsarmen Luftfahrt leisten. Um das vorhandene Potential voll aussch\u00f6pfen zu k\u00f6nnen, arbeitet der<\/span> <strong><span style=\"color: #005a8d;\">SCE A<\/span><\/strong> <span style=\"color: #000000;\">eng mit dem<\/span> <strong><span style=\"color: #005a8d;\">Projekttr\u00e4ger Luftfahrtforschung des Deutschen Zentrums f\u00fcr Luft- und Raumfahrt (DLR)<\/span><\/strong> <span style=\"color: #000000;\">und der Einheit KMU Beratung Luftfahrt zusammen. Im Fokus der gemeinsamen Aktivit\u00e4ten stehen die Beratung zu F\u00f6rderm\u00f6glichkeiten, Forschungsthemen und die Vernetzung von Akteuren der Luftfahrtbranche.<\/span><\/span><\/p>\n<p>&nbsp;<\/p>\n<table style=\"height: 379px; width: 98.8832%; border-collapse: collapse; border-color: #000000; background-color: #eeece1;\">\n<tbody>\n<tr style=\"height: 392px;\">\n<td style=\"width: 44.7871%; height: 379px; border-color: #000000; vertical-align: top;\">\n<p style=\"text-align: center;\"><span style=\"font-size: 14px;\"><strong><span style=\"color: #005a8d; font-family: arial, helvetica, sans-serif;\">Der Projekttr\u00e4ger Luftfahrtforschung\u00a0<\/span><\/strong><strong><span style=\"color: #005a8d; font-family: arial, helvetica, sans-serif;\">und die KMU-Beratung Luftfahrt<\/span><\/strong><\/span><\/p>\n<p style=\"text-align: left;\"><span style=\"font-size: 14px; font-family: arial, helvetica, sans-serif; color: #000000;\">Die KMU Beratung Luftfahrt ist eine Einheit des Projekttr\u00e4gers Luftfahrtforschung. <\/span><\/p>\n<p style=\"text-align: left;\"><span style=\"font-size: 14px; font-family: arial, helvetica, sans-serif; color: #000000;\">Dieser unterst\u00fctzt das Bundesministerium f\u00fcr Wirtschaft und Klimaschutz (BMWK) bei der Umsetzung des nationalen zivilen Luftfahrtforschungsprogramms des Bundes (LuFo) sowie die L\u00e4nder Bayern, Brandenburg, Bremen, Hamburg und Niedersachsen, die mit eigenen F\u00f6rderprogrammen das Bundesprogramm erg\u00e4nzen. <\/span><span style=\"font-size: 14px; font-family: arial, helvetica, sans-serif; color: #000000;\">Auch die Nationale Kontaktstelle Bereich Luftfahrt des Europ\u00e4ischen F\u00f6rderprogramms Horizont Europe ist Teil des Projekttr\u00e4gers Luftfahrtforschung.<\/span><\/p>\n<p style=\"text-align: left;\"><span style=\"font-size: 14px; font-family: arial, helvetica, sans-serif;\"><span style=\"color: #000000;\">Zus\u00e4tzlich zu dem bestehenden Basis-Beratungsangebot und der Nationalen Kontaktstelle f\u00fcr Unternehmen, Wissenschaft, Universit\u00e4ten und KMU wird mit der KMU-Beratungsstelle ein detailliertes, kostenloses Beratungsangebot angeboten, das speziell auf die Bed\u00fcrfnisse von KMU in der Luftfahrt ausgerichtet ist. <\/span><\/span><\/p>\n<p style=\"text-align: left;\"><span style=\"font-size: 14px; font-family: arial, helvetica, sans-serif;\"><span style=\"color: #000000;\">Informationen zu dem Beratungsangebot und Links zu F\u00f6rderm\u00f6glichkeiten finden Sie unter<\/span> <\/span><\/p>\n<p style=\"text-align: center;\"><span style=\"font-size: 14px; font-family: arial, helvetica, sans-serif;\">\u00a0<span style=\"color: #005a8d;\"><a style=\"color: #005a8d;\" href=\"https:\/\/www.kmu-beratung-luftfahrt.de\/\">https:\/\/www.kmu-beratung-luftfahrt.de<\/a><\/span><\/span><\/p>\n<\/td>\n<td style=\"width: 55.2129%; height: 379px; border-color: #000000; vertical-align: top;\">\n<p style=\"text-align: center;\"><span style=\"font-size: 14px;\"><strong><span style=\"color: #005a8d; font-family: arial, helvetica, sans-serif;\">Matchmaking\u00a0 -Vernetzung der Luftfahrtbranche-<\/span><\/strong><\/span><\/p>\n<p style=\"text-align: left;\"><span style=\"font-size: 14px; font-family: arial, helvetica, sans-serif;\"><span style=\"color: #000000;\">Im Fokus des Teams KMU Beratung Luftfahrt steht, neben bedarfsorientierten Informationen, insbesondere die Vernetzung von KMU in die Luftfahrtbranche. <\/span><\/span><\/p>\n<p style=\"text-align: left;\"><span style=\"font-size: 14px; font-family: arial, helvetica, sans-serif;\"><span style=\"color: #000000;\">Hierf\u00fcr wurde die Plattform<\/span> <strong><span style=\"color: #005a8d;\">NETZWERK LUFTFAHRTFORSCHUNG<\/span><\/strong> <span style=\"color: #000000;\">gegr\u00fcndet. <\/span><\/span><\/p>\n<p style=\"text-align: center;\"><img loading=\"lazy\" class=\"wp-image-2319 aligncenter\" src=\"https:\/\/www.german-aerospace.de\/wp-content\/uploads\/2022\/03\/Teaser_Netzwerk_Luftfahrtforschung-1024x669.png\" sizes=\"(max-width: 480px) 100vw, 480px\" srcset=\"https:\/\/www.german-aerospace.de\/wp-content\/uploads\/2022\/03\/Teaser_Netzwerk_Luftfahrtforschung-1024x669.png 1024w, https:\/\/www.german-aerospace.de\/wp-content\/uploads\/2022\/03\/Teaser_Netzwerk_Luftfahrtforschung-300x196.png 300w, https:\/\/www.german-aerospace.de\/wp-content\/uploads\/2022\/03\/Teaser_Netzwerk_Luftfahrtforschung-768x502.png 768w, https:\/\/www.german-aerospace.de\/wp-content\/uploads\/2022\/03\/Teaser_Netzwerk_Luftfahrtforschung-1536x1004.png 1536w, https:\/\/www.german-aerospace.de\/wp-content\/uploads\/2022\/03\/Teaser_Netzwerk_Luftfahrtforschung-2048x1339.png 2048w, https:\/\/www.german-aerospace.de\/wp-content\/uploads\/2022\/03\/Teaser_Netzwerk_Luftfahrtforschung-1200x784.png 1200w, https:\/\/www.german-aerospace.de\/wp-content\/uploads\/2022\/03\/Teaser_Netzwerk_Luftfahrtforschung-440x288.png 440w, https:\/\/www.german-aerospace.de\/wp-content\/uploads\/2022\/03\/Teaser_Netzwerk_Luftfahrtforschung-245x160.png 245w\" alt=\"\" width=\"279\" height=\"182\" \/><\/p>\n<p style=\"text-align: left;\"><span style=\"font-size: 14px; font-family: arial, helvetica, sans-serif;\"><span style=\"color: #000000;\">Dieses Netzwerk erm\u00f6glicht ein<\/span><\/span><span style=\"font-size: 14px; font-family: arial, helvetica, sans-serif;\"><span style=\"color: #000000;\">en fachlichen Austausch im Bereich der Luftfahrtforschung und unterst\u00fctzt die Suche nach Forschungspartnern f\u00fcr innovative Forschungsideen im Bereich der Luftfahrt. Das\u00a0Matchmaking-Angebot richtet sich sowohl an KMU als auch sonstige Unternehmen, Universit\u00e4ten und Forschungseinrichtungen der Luftfahrtbranche.<\/span>\u00a0<\/span><\/p>\n<p style=\"text-align: center;\"><span style=\"font-size: 14px; font-family: arial, helvetica, sans-serif;\"><span style=\"color: #005a8d;\"><a style=\"color: #005a8d;\" href=\"https:\/\/netzwerk-luftfahrtforschung.b2match.io\/\">https:\/\/netzwerk-luftfahrtforschung.b2match.io<\/a><\/span><\/span><\/p>\n<\/td>\n<\/tr>\n<\/tbody>\n<\/table>\n<p><span style=\"font-size: 13px; font-family: arial, helvetica, sans-serif;\">[vc_row][vc_column][vc_column_text]<\/span><\/p>\n","protected":false},"excerpt":{"rendered":"<p>Zusammenarbeit mit dem Projekttr\u00e4ger Luftfahrtforschung im Rahmen der KMU-Beratung Luftfahrt Die Luft- und Raumfahrtindustrie ist von strategischer Bedeutung f\u00fcr den Industrie- und Hochtechnologiestandort Deutschland. Sie steht f\u00fcr technologische Innovationen und wissenschaftliche Exzellenz; weit \u00fcber die eigenen Branchengrenzen hinaus. Die Luftfahrtbranche&hellip;<\/p>\n","protected":false},"author":22,"featured_media":0,"parent":0,"menu_order":0,"comment_status":"closed","ping_status":"closed","template":"","meta":[],"yoast_head":"<!-- This site is optimized with the Yoast SEO plugin v15.7 - https:\/\/yoast.com\/wordpress\/plugins\/seo\/ -->\n<title>Kooperationen - SPACE Aero<\/title>\n<meta name=\"robots\" content=\"index, follow, max-snippet:-1, max-image-preview:large, max-video-preview:-1\" \/>\n<link rel=\"canonical\" href=\"https:\/\/www.space-aero.org\/de\/kooperationen\/\" \/>\n<meta property=\"og:locale\" content=\"de_DE\" \/>\n<meta property=\"og:type\" content=\"article\" \/>\n<meta property=\"og:title\" content=\"Kooperationen - SPACE Aero\" \/>\n<meta property=\"og:description\" content=\"Zusammenarbeit mit dem Projekttr\u00e4ger Luftfahrtforschung im Rahmen der KMU-Beratung Luftfahrt Die Luft- und Raumfahrtindustrie ist von strategischer Bedeutung f\u00fcr den Industrie- und Hochtechnologiestandort Deutschland. Sie steht f\u00fcr technologische Innovationen und wissenschaftliche Exzellenz; weit \u00fcber die eigenen Branchengrenzen hinaus. Die Luftfahrtbranche&hellip;\" \/>\n<meta property=\"og:url\" content=\"https:\/\/www.space-aero.org\/de\/kooperationen\/\" \/>\n<meta property=\"og:site_name\" content=\"SPACE Aero\" \/>\n<meta property=\"article:modified_time\" content=\"2022-03-30T19:43:54+00:00\" \/>\n<meta property=\"og:image\" content=\"https:\/\/www.german-aerospace.de\/wp-content\/uploads\/2022\/03\/Teaser_Netzwerk_Luftfahrtforschung-1024x669.png\" \/>\n<meta name=\"twitter:card\" content=\"summary_large_image\" \/>\n<meta name=\"twitter:label1\" content=\"Gesch\u00e4tzte Lesezeit\">\n\t<meta name=\"twitter:data1\" content=\"2 Minuten\">\n<script type=\"application\/ld+json\" class=\"yoast-schema-graph\">{\"@context\":\"https:\/\/schema.org\",\"@graph\":[{\"@type\":\"WebSite\",\"@id\":\"https:\/\/www.space-aero.org\/en\/#website\",\"url\":\"https:\/\/www.space-aero.org\/en\/\",\"name\":\"SPACE Aero\",\"description\":\"Supply chain Progress towards Aeronautical Community Excellence\",\"potentialAction\":[{\"@type\":\"SearchAction\",\"target\":\"https:\/\/www.space-aero.org\/en\/?s={search_term_string}\",\"query-input\":\"required name=search_term_string\"}],\"inLanguage\":\"de-DE\"},{\"@type\":\"ImageObject\",\"@id\":\"https:\/\/www.space-aero.org\/de\/kooperationen\/#primaryimage\",\"inLanguage\":\"de-DE\",\"url\":\"https:\/\/www.german-aerospace.de\/wp-content\/uploads\/2022\/03\/Teaser_Netzwerk_Luftfahrtforschung-1024x669.png\"},{\"@type\":\"WebPage\",\"@id\":\"https:\/\/www.space-aero.org\/de\/kooperationen\/#webpage\",\"url\":\"https:\/\/www.space-aero.org\/de\/kooperationen\/\",\"name\":\"Kooperationen - SPACE Aero\",\"isPartOf\":{\"@id\":\"https:\/\/www.space-aero.org\/en\/#website\"},\"primaryImageOfPage\":{\"@id\":\"https:\/\/www.space-aero.org\/de\/kooperationen\/#primaryimage\"},\"datePublished\":\"2022-03-30T13:48:35+00:00\",\"dateModified\":\"2022-03-30T19:43:54+00:00\",\"breadcrumb\":{\"@id\":\"https:\/\/www.space-aero.org\/de\/kooperationen\/#breadcrumb\"},\"inLanguage\":\"de-DE\",\"potentialAction\":[{\"@type\":\"ReadAction\",\"target\":[\"https:\/\/www.space-aero.org\/de\/kooperationen\/\"]}]},{\"@type\":\"BreadcrumbList\",\"@id\":\"https:\/\/www.space-aero.org\/de\/kooperationen\/#breadcrumb\",\"itemListElement\":[{\"@type\":\"ListItem\",\"position\":1,\"item\":{\"@type\":\"WebPage\",\"@id\":\"https:\/\/www.space-aero.org\/de\/\",\"url\":\"https:\/\/www.space-aero.org\/de\/\",\"name\":\"Home\"}},{\"@type\":\"ListItem\",\"position\":2,\"item\":{\"@type\":\"WebPage\",\"@id\":\"https:\/\/www.space-aero.org\/de\/kooperationen\/\",\"url\":\"https:\/\/www.space-aero.org\/de\/kooperationen\/\",\"name\":\"Kooperationen\"}}]}]}<\/script>\n<!-- \/ Yoast SEO plugin. -->","_links":{"self":[{"href":"https:\/\/www.space-aero.org\/de\/wp-json\/wp\/v2\/pages\/12255"}],"collection":[{"href":"https:\/\/www.space-aero.org\/de\/wp-json\/wp\/v2\/pages"}],"about":[{"href":"https:\/\/www.space-aero.org\/de\/wp-json\/wp\/v2\/types\/page"}],"author":[{"embeddable":true,"href":"https:\/\/www.space-aero.org\/de\/wp-json\/wp\/v2\/users\/22"}],"replies":[{"embeddable":true,"href":"https:\/\/www.space-aero.org\/de\/wp-json\/wp\/v2\/comments?post=12255"}],"version-history":[{"count":17,"href":"https:\/\/www.space-aero.org\/de\/wp-json\/wp\/v2\/pages\/12255\/revisions"}],"predecessor-version":[{"id":12284,"href":"https:\/\/www.space-aero.org\/de\/wp-json\/wp\/v2\/pages\/12255\/revisions\/12284"}],"wp:attachment":[{"href":"https:\/\/www.space-aero.org\/de\/wp-json\/wp\/v2\/media?parent=12255"}],"curies":[{"name":"wp","href":"https:\/\/api.w.org\/{rel}","templated":true}]}}