{"id":2627,"date":"2018-12-13T11:21:14","date_gmt":"2018-12-13T10:21:14","guid":{"rendered":"https:\/\/www.space-aero.org\/?page_id=2627"},"modified":"2025-06-02T11:35:09","modified_gmt":"2025-06-02T09:35:09","slug":"organisation","status":"publish","type":"page","link":"https:\/\/www.space-aero.org\/de\/was-ist-space\/organisation\/","title":{"rendered":"Organisation"},"content":{"rendered":"<p><span style=\"font-family: arial, helvetica, sans-serif; font-size: 12px; color: #333333;\"><span style=\"font-size: 14px;\"><span style=\"color: #005a8d;\"><strong>SCE A Deutschland e.V.<\/strong><\/span> ist ein Luftfahrtverband, der keine wirtschaftlichen Interessen verfolgt. Er hat zwei Arten von Mitgliedern: Zum einen die 'ordentlichen' Mitglieder, in der Regel OEMs und Tier 1 Unternehmen, und zum anderen 'assoziierte' Mitglieder, in der Regel kleine und mittelst\u00e4ndische Unternehmen der nachgelagerten Lieferkette (Tier 2, ..., Tier n).<\/span><\/span><\/p>\n<p><span style=\"font-family: arial, helvetica, sans-serif; color: #333333;\"><span style=\"font-size: 14px; color: #005a8d;\"><strong>Ordentliche Mitglieder <\/strong><\/span><span style=\"font-size: 14px;\">sind Unternehmen in der Luft- und Raumfahrtindustrie, die on-board Produkte herstellen. Zus\u00e4tzlich zu ihrem Mitgliedsbeitrag stellen sie die Experten f\u00fcr SCE A Verbesserungsprojekte bereit, bei deren Umsetzung die Experten zur Anwendung und Weiterentwicklung der SCE A Werkzeuge und Methoden beitragen.<\/span><\/span><\/p>\n<div class=\"vc_row wpb_row vc_row-fluid\">\n<div class=\"wpb_column vc_column_container vc_col-sm-12\">\n<div class=\"vc_column-inner \">\n<div class=\"wpb_wrapper\">\n<div class=\"wpb_text_column wpb_content_element \">\n<div class=\"wpb_wrapper\">\n<p style=\"padding-left: 80px;\"><span style=\"font-family: arial, helvetica, sans-serif; font-size: 14px; color: #333333;\">Airbus Defence and Space GmbH<br \/>\n<\/span><\/p>\n<p style=\"padding-left: 80px;\"><span style=\"font-family: arial, helvetica, sans-serif; font-size: 14px; color: #333333;\">Airbus Helicopters Deutschland GmbH<\/span><\/p>\n<p style=\"padding-left: 80px;\"><span style=\"font-family: arial, helvetica, sans-serif; font-size: 14px; color: #333333;\">Airbus Operations GmbH<\/span><\/p>\n<p style=\"padding-left: 80px;\"><span style=\"font-family: arial, helvetica, sans-serif; font-size: 14px; color: #333333;\">Autoflug GmbH<\/span><\/p>\n<p style=\"padding-left: 80px;\"><span style=\"font-family: arial, helvetica, sans-serif; font-size: 14px; color: #333333;\">Bundesverband der Deutschen Luft- und Raumfahrtindustrie e.V.<\/span><\/p>\n<p style=\"padding-left: 80px;\"><span style=\"font-family: arial, helvetica, sans-serif; font-size: 14px; color: #333333;\">Deharde GmbH<\/span><\/p>\n<p style=\"padding-left: 80px;\"><span style=\"font-size: 14px;\">Diehl Aviation Holding GmbH<\/span><\/p>\n<p style=\"padding-left: 80px;\"><span style=\"font-family: arial, helvetica, sans-serif; font-size: 14px; color: #333333;\">FACC AG<\/span><\/p>\n<p style=\"padding-left: 80px;\"><span style=\"font-family: arial, helvetica, sans-serif; font-size: 14px; color: #333333;\">Liebherr Aerospace-Lindenberg GmbH<\/span><\/p>\n<p style=\"padding-left: 80px;\"><span style=\"font-family: arial, helvetica, sans-serif; font-size: 14px; color: #333333;\">Mubea Aerostructures GmbH<\/span><\/p>\n<p>&nbsp;<\/p>\n<p><span style=\"font-family: arial, helvetica, sans-serif; font-size: 14px; color: #005a8d;\"><strong>Assoziierte Mitglieder <\/strong><\/span><span style=\"font-family: arial, helvetica, sans-serif; font-size: 14px; color: #333333;\">sind Zulieferbetriebe in der Luft- und Raumfahrtindustrie, die fliegendes (on-board) Material herstellen und bereit sind, ihre eigene industrielle Reife &amp; Leistungsf\u00e4higkeit sowie die ihrer eigenen Supply Chain zu verbessern. In der Regel sind assoziierte Mitglieder kleine und mittelst\u00e4ndische Unternehmen (KMU), die als Lieferanten der \u201enachgelagerten\u201c Lieferkett<\/span><span style=\"font-family: arial, helvetica, sans-serif; font-size: 14px; color: #333333;\">e (tier 2-, tier 3-, \u2026, tier n- Lieferanten) t\u00e4tig sind. Mit der Unterst\u00fctzung durch SCE A Experten f\u00fchren die assoziierten Mitglieder individuelle Projekte zur Optimierung ihrer Fertigungsprozesse durch und profitieren von der Erfahrung der SCE A Experten und des Netzwerkes.<\/span><\/p>\n<p><span style=\"font-family: arial, helvetica, sans-serif; font-size: 14px; color: #333333;\">Eine vollst\u00e4ndige Liste unserer <span style=\"color: #005a8d;\"><strong>Assoziierten Mitglieder in Deutschland<\/strong><\/span> finden Sie <span style=\"color: #005a8d;\"><a style=\"color: #005a8d;\" href=\"https:\/\/www.space-aero.org\/mitgliedschaft\/assoziierte-mitglieder\/?lang=de\">hier<\/a>.<\/span><\/span><\/p>\n<\/div>\n<\/div>\n<\/div>\n<\/div>\n<\/div>\n<\/div>\n<p><span style=\"font-family: arial, helvetica, sans-serif; font-size: 14px; color: #333333;\">Die Liste <span style=\"color: #005a8d;\"><strong>aller Mitglieder in Europa<\/strong><\/span> finden Sie<span style=\"color: #005a8d;\"> <a style=\"color: #005a8d;\" href=\"https:\/\/www.space-aero.org\/mitgliedschaft\/?lang=de\">hier<\/a>.<\/span><\/span><\/p>\n<p>&nbsp;<\/p>\n","protected":false},"excerpt":{"rendered":"<p>SCE A Deutschland e.V. ist ein Luftfahrtverband, der keine wirtschaftlichen Interessen verfolgt. Er hat zwei Arten von Mitgliedern: Zum einen die &#8218;ordentlichen&#8216; Mitglieder, in der Regel OEMs und Tier 1 Unternehmen, und zum anderen &#8218;assoziierte&#8216; Mitglieder, in der Regel kleine&hellip;<\/p>\n","protected":false},"author":22,"featured_media":0,"parent":1091,"menu_order":0,"comment_status":"closed","ping_status":"closed","template":"","meta":[],"yoast_head":"<!-- This site is optimized with the Yoast SEO plugin v15.7 - https:\/\/yoast.com\/wordpress\/plugins\/seo\/ -->\n<title>Organisation - SPACE Aero<\/title>\n<meta name=\"robots\" content=\"index, follow, max-snippet:-1, max-image-preview:large, max-video-preview:-1\" \/>\n<link rel=\"canonical\" href=\"https:\/\/www.space-aero.org\/de\/was-ist-space\/organisation\/\" \/>\n<meta property=\"og:locale\" content=\"de_DE\" \/>\n<meta property=\"og:type\" content=\"article\" \/>\n<meta property=\"og:title\" content=\"Organisation - SPACE Aero\" \/>\n<meta property=\"og:description\" content=\"SCE A Deutschland e.V. ist ein Luftfahrtverband, der keine wirtschaftlichen Interessen verfolgt. Er hat zwei Arten von Mitgliedern: Zum einen die &#039;ordentlichen&#039; Mitglieder, in der Regel OEMs und Tier 1 Unternehmen, und zum anderen &#039;assoziierte&#039; Mitglieder, in der Regel kleine&hellip;\" \/>\n<meta property=\"og:url\" content=\"https:\/\/www.space-aero.org\/de\/was-ist-space\/organisation\/\" \/>\n<meta property=\"og:site_name\" content=\"SPACE Aero\" \/>\n<meta property=\"article:modified_time\" content=\"2025-06-02T09:35:09+00:00\" \/>\n<meta property=\"og:image\" content=\"https:\/\/www.space-aero.org\/wp-content\/uploads\/2018\/07\/photo_home_space-1.jpg\" \/>\n\t<meta property=\"og:image:width\" content=\"2000\" \/>\n\t<meta property=\"og:image:height\" content=\"1329\" \/>\n<meta name=\"twitter:card\" content=\"summary_large_image\" \/>\n<meta name=\"twitter:label1\" content=\"Gesch\u00e4tzte Lesezeit\">\n\t<meta name=\"twitter:data1\" content=\"2 Minuten\">\n<script type=\"application\/ld+json\" class=\"yoast-schema-graph\">{\"@context\":\"https:\/\/schema.org\",\"@graph\":[{\"@type\":\"WebSite\",\"@id\":\"https:\/\/www.space-aero.org\/en\/#website\",\"url\":\"https:\/\/www.space-aero.org\/en\/\",\"name\":\"SPACE Aero\",\"description\":\"Supply chain Progress towards Aeronautical Community Excellence\",\"potentialAction\":[{\"@type\":\"SearchAction\",\"target\":\"https:\/\/www.space-aero.org\/en\/?s={search_term_string}\",\"query-input\":\"required name=search_term_string\"}],\"inLanguage\":\"de-DE\"},{\"@type\":\"WebPage\",\"@id\":\"https:\/\/www.space-aero.org\/de\/was-ist-space\/organisation\/#webpage\",\"url\":\"https:\/\/www.space-aero.org\/de\/was-ist-space\/organisation\/\",\"name\":\"Organisation - SPACE Aero\",\"isPartOf\":{\"@id\":\"https:\/\/www.space-aero.org\/en\/#website\"},\"datePublished\":\"2018-12-13T10:21:14+00:00\",\"dateModified\":\"2025-06-02T09:35:09+00:00\",\"breadcrumb\":{\"@id\":\"https:\/\/www.space-aero.org\/de\/was-ist-space\/organisation\/#breadcrumb\"},\"inLanguage\":\"de-DE\",\"potentialAction\":[{\"@type\":\"ReadAction\",\"target\":[\"https:\/\/www.space-aero.org\/de\/was-ist-space\/organisation\/\"]}]},{\"@type\":\"BreadcrumbList\",\"@id\":\"https:\/\/www.space-aero.org\/de\/was-ist-space\/organisation\/#breadcrumb\",\"itemListElement\":[{\"@type\":\"ListItem\",\"position\":1,\"item\":{\"@type\":\"WebPage\",\"@id\":\"https:\/\/www.space-aero.org\/de\/\",\"url\":\"https:\/\/www.space-aero.org\/de\/\",\"name\":\"Home\"}},{\"@type\":\"ListItem\",\"position\":2,\"item\":{\"@type\":\"WebPage\",\"@id\":\"https:\/\/www.space-aero.org\/de\/was-ist-space\/\",\"url\":\"https:\/\/www.space-aero.org\/de\/was-ist-space\/\",\"name\":\"SCE A\"}},{\"@type\":\"ListItem\",\"position\":3,\"item\":{\"@type\":\"WebPage\",\"@id\":\"https:\/\/www.space-aero.org\/de\/was-ist-space\/organisation\/\",\"url\":\"https:\/\/www.space-aero.org\/de\/was-ist-space\/organisation\/\",\"name\":\"Organisation\"}}]}]}<\/script>\n<!-- \/ Yoast SEO plugin. -->","_links":{"self":[{"href":"https:\/\/www.space-aero.org\/de\/wp-json\/wp\/v2\/pages\/2627"}],"collection":[{"href":"https:\/\/www.space-aero.org\/de\/wp-json\/wp\/v2\/pages"}],"about":[{"href":"https:\/\/www.space-aero.org\/de\/wp-json\/wp\/v2\/types\/page"}],"author":[{"embeddable":true,"href":"https:\/\/www.space-aero.org\/de\/wp-json\/wp\/v2\/users\/22"}],"replies":[{"embeddable":true,"href":"https:\/\/www.space-aero.org\/de\/wp-json\/wp\/v2\/comments?post=2627"}],"version-history":[{"count":42,"href":"https:\/\/www.space-aero.org\/de\/wp-json\/wp\/v2\/pages\/2627\/revisions"}],"predecessor-version":[{"id":16371,"href":"https:\/\/www.space-aero.org\/de\/wp-json\/wp\/v2\/pages\/2627\/revisions\/16371"}],"up":[{"embeddable":true,"href":"https:\/\/www.space-aero.org\/de\/wp-json\/wp\/v2\/pages\/1091"}],"wp:attachment":[{"href":"https:\/\/www.space-aero.org\/de\/wp-json\/wp\/v2\/media?parent=2627"}],"curies":[{"name":"wp","href":"https:\/\/api.w.org\/{rel}","templated":true}]}}