{"id":668,"date":"2018-10-18T21:18:21","date_gmt":"2018-10-18T19:18:21","guid":{"rendered":"https:\/\/www.space-aero.org\/?page_id=668"},"modified":"2025-01-03T10:18:37","modified_gmt":"2025-01-03T09:18:37","slug":"formation","status":"publish","type":"page","link":"https:\/\/www.space-aero.org\/es\/formation\/","title":{"rendered":"Formaciones"},"content":{"rendered":"[vc_row][vc_column width=\"1\/2\"]<div class=\"vcex-module vcex-divider-multicolor wpex-flex wpex-max-w-100 wpex-m-auto wpex-clr\"><span class=\"wpex-flex-grow\" style=\"background:#301961;\"><\/span><span class=\"wpex-flex-grow\" style=\"background:#452586;\"><\/span><span class=\"wpex-flex-grow\" style=\"background:#301961;\"><\/span><span class=\"wpex-flex-grow\" style=\"background:#5f3aae;\"><\/span><span class=\"wpex-flex-grow\" style=\"background:#01c1a8;\"><\/span><span class=\"wpex-flex-grow\" style=\"background:#11e2c5;\"><\/span><span class=\"wpex-flex-grow\" style=\"background:#6ffceb;\"><\/span><span class=\"wpex-flex-grow\" style=\"background:#b0fbff;\"><\/span><\/div>[vc_column_text]\n<div id=\"TheTexte\" class=\"Texte\" lang=\"zxx\">\n<p>&nbsp;<\/p>\n<p>&nbsp;<\/p>\n<p style=\"text-align: left;\">El programa de formaci\u00f3n SPACE Espa\u00f1a apuesta por un serivicio de capacitaci\u00f3n para todos los miembros asociados mediante un conjunto de formaciones distribuidas a lo largo del a\u00f1o.<\/p>\n<p>&nbsp;<\/p>\n<p>&nbsp;<\/p>\n<p>\u00bfCu\u00e1les son los objetivos de estas formaciones?<\/p>\n<\/div>\n<p>&nbsp;<\/p>\n<div id=\"TheTexte\" class=\"Texte\" lang=\"zxx\">\n<ul style=\"list-style-type: circle;\">\n<li>Mejorar la cadena de suministro aeron\u00e1utica en Espa\u00f1a.<\/li>\n<li>Aumentar la competitividad de las PYMES en el sector aeron\u00e1utico<\/li>\n<li>Estandarizar y consolidar el conocimiento<\/li>\n<li>Reforzar y certificar a los actores clave de la cadena de suministro.<\/li>\n<\/ul>\n<\/div>\n<div id=\"TheTexte\" class=\"Texte\" lang=\"zxx\">\n<div id=\"TheTexte\" class=\"Texte\" lang=\"zxx\">\n<p>&nbsp;<\/p>\n<\/div>\n<\/div>\n[\/vc_column_text]<div class=\"vcex-spacing wpex-w-100 wpex-clear\" style=\"height:30px\"><\/div>[\/vc_column][vc_column width=\"1\/2\"][vc_single_image image=\"1579\"][\/vc_column][\/vc_row][vc_row][vc_column width=\"1\/6\"][vc_icon icon_fontawesome=\"fa fa-calendar\"][\/vc_column][vc_column width=\"5\/6\"][vc_column_text]\n<p>&nbsp;<\/p>\n<p><span style=\"font-size: 21px; color: #000080;\">FORMACIONES PROGRAMADAS<\/span>[\/vc_column_text][\/vc_column][\/vc_row][vc_row][vc_column][vc_tta_accordion][vc_tta_section title=\"HABILIDADES DE COMUNICACI\u00d3N\" tab_id=\"1699951708634-c34011d7-35fc\"][vc_column_text]\n<p style=\"text-align: center;\"><strong>\u00a1FECHA LIMITE DE INSCRIPCI\u00d3N 17\/01\/2025!<\/strong><\/p>\n<p><strong>Fecha<\/strong>:\u00a0 21 de enero 2025<\/p>\n<p><strong>Formato:\u00a0<\/strong>Presencial<\/p>\n<p><strong>Ubicaci\u00f3n: <\/strong>Aciturri Sevilla. Bda. del Avi\u00f3n, 41309 La Rinconada. (Antigua Alestis)<\/p>\n<p><strong>Formador:<\/strong><span style=\"font-size: 11.0pt; font-family: 'Arial',sans-serif; color: black; background: white;\">\u00a0<\/span><span style=\"font-size: 11.0pt; font-family: 'Arial',sans-serif; color: black;\">\u200b\u200b<span style=\"font-size: 13px;\">Curro Trujillo Portillo (Habilidades Plus) - Especialista en habilidades de comunicaci\u00f3n y soft skills<\/span><\/span><\/p>\n<p><strong>Precio:<\/strong><\/p>\n<ul>\n<li>Socios de SPACE\u00a0Aero: Gratuita.<\/li>\n<li>No Socios: 320\u20ac <em>(consultar precio especial convenio con otras asociaciones y cl\u00fasteres).<\/em><\/li>\n<\/ul>\n[\/vc_column_text][vc_empty_space height=\"10px\"][vc_column_text]<strong>Agenda<\/strong>:<\/p>\n<ul>\n<li>Principios b\u00e1sicos<\/li>\n<li>Pol\u00edtica de Seguridad y Requisitos m\u00ednimos<\/li>\n<li>Auditorias, informes e incidentes de seguridad<\/li>\n<li>Mejora continua del proceso de seguridad.<\/li>\n<\/ul>\n[\/vc_column_text]<div class=\"vcex-module vcex-divider-dots wpex-mr-auto wpex-ml-auto textcenter\"><span class=\"wpex-inline-block wpex-round wpex-bg-accent wpex-mr-10\"><\/span><span class=\"wpex-inline-block wpex-round wpex-bg-accent wpex-mr-10\"><\/span><span class=\"wpex-inline-block wpex-round wpex-bg-accent wpex-mr-10\"><\/span><\/div>[\/vc_tta_section][vc_tta_section title=\"AWARENESS HUELLLA DE CARBONO Y PASOS FUTUROS\" tab_id=\"1699951712088-8f84fdcc-0a04\"][vc_column_text]<strong>Fecha:\u00a0<\/strong>TBD<\/p>\n<p><strong>Formadora:\u00a0<\/strong>Cristina Jimenez (Responsable de Sostenibilidad y Medio ambiente de Aciturri)<\/p>\n<p><strong>Formato<\/strong>: Online (Teams)[\/vc_column_text][vc_empty_space height=\"10px\"][vc_column_text]<strong>Agenda<\/strong>:<\/p>\n[\/vc_column_text]<div class=\"vcex-module vcex-divider-dots wpex-mr-auto wpex-ml-auto textcenter\"><span class=\"wpex-inline-block wpex-round wpex-bg-accent wpex-mr-10\"><\/span><span class=\"wpex-inline-block wpex-round wpex-bg-accent wpex-mr-10\"><\/span><span class=\"wpex-inline-block wpex-round wpex-bg-accent wpex-mr-10\"><\/span><\/div>[\/vc_tta_section][vc_tta_section title=\"CMA Y OEE\" tab_id=\"1699952366086-a85d6af3-7755\"][vc_column_text]<strong>Formato:\u00a0<\/strong>Presencial<\/p>\n<p><strong>Ubicacion:\u00a0<\/strong>Getafe (Madrid)<\/p>\n<p><strong>Fecha<\/strong>: 18 de febrero 2025[\/vc_column_text][vc_empty_space height=\"10px\"][vc_column_text]<strong>Agenda<\/strong>: TBD[\/vc_column_text]<div class=\"vcex-module vcex-divider-dots wpex-mr-auto wpex-ml-auto textcenter\"><span class=\"wpex-inline-block wpex-round wpex-bg-accent wpex-mr-10\"><\/span><span class=\"wpex-inline-block wpex-round wpex-bg-accent wpex-mr-10\"><\/span><span class=\"wpex-inline-block wpex-round wpex-bg-accent wpex-mr-10\"><\/span><\/div>[\/vc_tta_section][vc_tta_section title=\"AWARNESS FOD\" tab_id=\"1699952364693-e56c661c-c99f\"][vc_column_text]<strong>Fecha<\/strong>: marzo 2025[\/vc_column_text][vc_empty_space height=\"10px\"][vc_column_text]<strong>Agenda<\/strong>: TBD[\/vc_column_text]<div class=\"vcex-module vcex-divider-dots wpex-mr-auto wpex-ml-auto textcenter\"><span class=\"wpex-inline-block wpex-round wpex-bg-accent wpex-mr-10\"><\/span><span class=\"wpex-inline-block wpex-round wpex-bg-accent wpex-mr-10\"><\/span><span class=\"wpex-inline-block wpex-round wpex-bg-accent wpex-mr-10\"><\/span><\/div>[\/vc_tta_section][vc_tta_section title=\"GESTI\u00d3N POR PROCESOS\" tab_id=\"1699952362789-1ee13191-48b8\"][vc_column_text]<strong>Fecha<\/strong>: abril 2025[\/vc_column_text][vc_empty_space height=\"10px\"][vc_column_text]<strong>Agenda<\/strong>: TBD[\/vc_column_text]<div class=\"vcex-module vcex-divider-dots wpex-mr-auto wpex-ml-auto textcenter\"><span class=\"wpex-inline-block wpex-round wpex-bg-accent wpex-mr-10\"><\/span><span class=\"wpex-inline-block wpex-round wpex-bg-accent wpex-mr-10\"><\/span><span class=\"wpex-inline-block wpex-round wpex-bg-accent wpex-mr-10\"><\/span><\/div>[\/vc_tta_section][vc_tta_section title=\"AUTOGESTI\u00d3N DEL TIEMPO\" tab_id=\"1677147818939-38ca4086-712b\"][vc_column_text]<strong>Fecha<\/strong>: abril 2025<\/p>\n<p><strong>Horario:<\/strong> TBD<\/p>\n<p><strong>Modalidad: <\/strong>Presencial (Madrid)<\/p>\n<p><strong>Formador:\u00a0<\/strong>TBD[\/vc_column_text][vc_empty_space height=\"10px\"]<div class=\"vcex-module vcex-divider-dots wpex-mr-auto wpex-ml-auto textcenter\"><span class=\"wpex-inline-block wpex-round wpex-bg-accent wpex-mr-10\"><\/span><span class=\"wpex-inline-block wpex-round wpex-bg-accent wpex-mr-10\"><\/span><span class=\"wpex-inline-block wpex-round wpex-bg-accent wpex-mr-10\"><\/span><\/div>[vc_column_text]<strong>Agenda:\u00a0<\/strong>TBD[\/vc_column_text][vc_empty_space height=\"10px\"][\/vc_tta_section][vc_tta_section title=\"GESTI\u00d3N DE LA CADENA DE SUMINISTRO: CONTROL DE PROVEEDORES\" tab_id=\"1705574288954-8a55d4c6-cc59\"][vc_column_text]<strong>Fecha<\/strong>:\u00a0 mayo 2025<\/p>\n<p><strong>Horario:\u00a0<\/strong>TBD<\/p>\n<p><strong>Formador:\u00a0<\/strong>TBD<\/p>\n<p><strong>Formato: <\/strong>Presencial (Sevilla)[\/vc_column_text][vc_empty_space height=\"10px\"][vc_column_text]<strong>Agenda<\/strong>: TBD[\/vc_column_text]<div class=\"vcex-module vcex-divider-dots wpex-mr-auto wpex-ml-auto textcenter\"><span class=\"wpex-inline-block wpex-round wpex-bg-accent wpex-mr-10\"><\/span><span class=\"wpex-inline-block wpex-round wpex-bg-accent wpex-mr-10\"><\/span><span class=\"wpex-inline-block wpex-round wpex-bg-accent wpex-mr-10\"><\/span><\/div>[vc_column_text][\/vc_column_text][\/vc_tta_section][vc_tta_section title=\"GESTION DE LA CADENA DE SUMINISTRO: LOG\u00cdSTICA DE COMPRAS Y APROVISIONAMIENTO\" tab_id=\"1699951712522-efcd4757-af0e\"][vc_column_text]<strong>Fecha<\/strong>: junio 2025<\/p>\n<p><strong>Horario:\u00a0<\/strong>TBD<\/p>\n<p><strong>Formadores: <\/strong>TBD<\/p>\n<p><strong>Formato: <\/strong>Presencial\u00a0 (Sevilla)[\/vc_column_text][vc_empty_space height=\"10px\"][vc_column_text]<strong>Agenda<\/strong>: TBD[\/vc_column_text]<div class=\"vcex-module vcex-divider-dots wpex-mr-auto wpex-ml-auto textcenter\"><span class=\"wpex-inline-block wpex-round wpex-bg-accent wpex-mr-10\"><\/span><span class=\"wpex-inline-block wpex-round wpex-bg-accent wpex-mr-10\"><\/span><span class=\"wpex-inline-block wpex-round wpex-bg-accent wpex-mr-10\"><\/span><\/div>[vc_column_text][\/vc_column_text][\/vc_tta_section][vc_tta_section title=\"GESTI\u00d3N DE LA CADENA DE SUMINISTRO: CASA 1033 REQUISITOS DE CALIDAD PARA PROVEEDORES\" tab_id=\"1699951712309-cee44870-4956\"][vc_column_text]<strong>Fecha<\/strong>:\u00a0 julio 2024<\/p>\n<p><strong>Horario:<\/strong> TBD<\/p>\n<p><strong>Modalidad:\u00a0<\/strong>Online (gmeet)<\/p>\n<p><strong>Formador:\u00a0<\/strong>TBD[\/vc_column_text][vc_empty_space height=\"10px\"][vc_column_text]<strong>Agenda<\/strong>: TBD[\/vc_column_text]<div class=\"vcex-module vcex-divider-dots wpex-mr-auto wpex-ml-auto textcenter\"><span class=\"wpex-inline-block wpex-round wpex-bg-accent wpex-mr-10\"><\/span><span class=\"wpex-inline-block wpex-round wpex-bg-accent wpex-mr-10\"><\/span><span class=\"wpex-inline-block wpex-round wpex-bg-accent wpex-mr-10\"><\/span><\/div>[\/vc_tta_section][vc_tta_section title=\"HABILIDADES DE NEGOCIACI\u00d3N\" tab_id=\"1699951711901-7e652cf8-f7e2\"][vc_column_text]<strong>Fecha<\/strong>: septiembre 2025<\/p>\n<p><strong>Horario:<\/strong> TBD<\/p>\n<p><strong>Modalidad: <\/strong>Presencial (Sevilla)<\/p>\n<p><strong>Formador: <\/strong>TBD[\/vc_column_text][vc_empty_space height=\"10px\"][vc_column_text]<strong>Agenda<\/strong>: TBD[\/vc_column_text]<div class=\"vcex-module vcex-divider-dots wpex-mr-auto wpex-ml-auto textcenter\"><span class=\"wpex-inline-block wpex-round wpex-bg-accent wpex-mr-10\"><\/span><span class=\"wpex-inline-block wpex-round wpex-bg-accent wpex-mr-10\"><\/span><span class=\"wpex-inline-block wpex-round wpex-bg-accent wpex-mr-10\"><\/span><\/div>[\/vc_tta_section][vc_tta_section title=\"APQP\" tab_id=\"1699951711442-aaba96a8-c878\"][vc_column_text]<strong>Fecha<\/strong>: octubre 2025<\/p>\n<p><strong>Horario:<\/strong> TBD<\/p>\n<p><strong>Modalidad: <\/strong>Presencial (Getafe).<\/p>\n<p><strong>Formador:\u00a0<\/strong>TBD[\/vc_column_text][vc_empty_space height=\"10px\"][vc_column_text][\/vc_column_text]<div class=\"vcex-module vcex-divider-dots wpex-mr-auto wpex-ml-auto textcenter\"><span class=\"wpex-inline-block wpex-round wpex-bg-accent wpex-mr-10\"><\/span><span class=\"wpex-inline-block wpex-round wpex-bg-accent wpex-mr-10\"><\/span><span class=\"wpex-inline-block wpex-round wpex-bg-accent wpex-mr-10\"><\/span><\/div>[\/vc_tta_section][vc_tta_section title=\"PROCESS FMEA (Failure Mode Effects Analysis)\" tab_id=\"1699951711677-ea26c5f3-b850\"][vc_column_text]<strong>Fecha<\/strong>: noviembre 2025<\/p>\n<p><strong>Horario:<\/strong> TBD<\/p>\n<p><strong>Modalidad:\u00a0<\/strong>Presencial (Sevilla)<\/p>\n<p><strong>Formador: <\/strong>TBD[\/vc_column_text][vc_empty_space height=\"10px\"][vc_column_text]<strong>Agenda<\/strong>: TBD[\/vc_column_text]<div class=\"vcex-module vcex-divider-dots wpex-mr-auto wpex-ml-auto textcenter\"><span class=\"wpex-inline-block wpex-round wpex-bg-accent wpex-mr-10\"><\/span><span class=\"wpex-inline-block wpex-round wpex-bg-accent wpex-mr-10\"><\/span><span class=\"wpex-inline-block wpex-round wpex-bg-accent wpex-mr-10\"><\/span><\/div>[\/vc_tta_section][vc_tta_section title=\"INTELIGENCIA ARTIFCIAL PARA LA CADENA DE SUMINISTRO\" tab_id=\"1712914000074-bd1d2b27-1be1\"][vc_column_text]<strong>Fecha<\/strong>:\u00a0 noviembre 2025<\/p>\n<p><strong>Horario:<\/strong> TBD<\/p>\n<p><strong>Modalidad: <\/strong>Telem\u00e1tico (Teams)<\/p>\n<p><strong>Formador:\u00a0<\/strong>TBD[\/vc_column_text][vc_empty_space height=\"10px\"][vc_column_text]<strong>Agenda<\/strong>: TBD[\/vc_column_text]<div class=\"vcex-module vcex-divider-dots wpex-mr-auto wpex-ml-auto textcenter\"><span class=\"wpex-inline-block wpex-round wpex-bg-accent wpex-mr-10\"><\/span><span class=\"wpex-inline-block wpex-round wpex-bg-accent wpex-mr-10\"><\/span><span class=\"wpex-inline-block wpex-round wpex-bg-accent wpex-mr-10\"><\/span><\/div>[\/vc_tta_section][vc_tta_section title=\"PRACTICAL PROBLEM SOLVING (PPS)\" tab_id=\"1699951711064-d46b5bc4-0142\"][vc_column_text]<strong>Fecha<\/strong>: diciembre 2025<\/p>\n<p><strong>Horario:\u00a0<\/strong>TBD<\/p>\n<p><strong>Formador:\u00a0<\/strong>Miguel Ortega (Airbus Defense and Space)<\/p>\n<p><strong>Formato: <\/strong>Presencial (Sevilla)[\/vc_column_text][vc_empty_space height=\"10px\"][vc_column_text]<strong>Agenda<\/strong>: TBD[\/vc_column_text]<div class=\"vcex-module vcex-divider-dots wpex-mr-auto wpex-ml-auto textcenter\"><span class=\"wpex-inline-block wpex-round wpex-bg-accent wpex-mr-10\"><\/span><span class=\"wpex-inline-block wpex-round wpex-bg-accent wpex-mr-10\"><\/span><span class=\"wpex-inline-block wpex-round wpex-bg-accent wpex-mr-10\"><\/span><\/div>[\/vc_tta_section][\/vc_tta_accordion][\/vc_column][\/vc_row]\n","protected":false},"excerpt":{"rendered":"<p>[vc_row][vc_column width=\u00bb1\/2&#8243;][vc_column_text] &nbsp; &nbsp; El programa de formaci\u00f3n SPACE Espa\u00f1a apuesta por un serivicio de capacitaci\u00f3n para todos los miembros asociados mediante un conjunto de formaciones distribuidas a lo largo del a\u00f1o. &nbsp; &nbsp; \u00bfCu\u00e1les son los objetivos de estas&hellip;<\/p>\n","protected":false},"author":23,"featured_media":0,"parent":0,"menu_order":0,"comment_status":"closed","ping_status":"closed","template":"","meta":[],"yoast_head":"<!-- This site is optimized with the Yoast SEO plugin v15.7 - https:\/\/yoast.com\/wordpress\/plugins\/seo\/ -->\n<title>Formaciones - SPACE Aero<\/title>\n<meta name=\"robots\" content=\"index, follow, max-snippet:-1, max-image-preview:large, max-video-preview:-1\" \/>\n<link rel=\"canonical\" href=\"https:\/\/www.space-aero.org\/es\/formation\/\" \/>\n<meta property=\"og:locale\" content=\"es_ES\" \/>\n<meta property=\"og:type\" content=\"article\" \/>\n<meta property=\"og:title\" content=\"Formaciones - SPACE Aero\" \/>\n<meta property=\"og:description\" content=\"[vc_row][vc_column width=&quot;1\/2&quot;][vc_column_text] &nbsp; &nbsp; El programa de formaci\u00f3n SPACE Espa\u00f1a apuesta por un serivicio de capacitaci\u00f3n para todos los miembros asociados mediante un conjunto de formaciones distribuidas a lo largo del a\u00f1o. &nbsp; &nbsp; \u00bfCu\u00e1les son los objetivos de estas&hellip;\" \/>\n<meta property=\"og:url\" content=\"https:\/\/www.space-aero.org\/es\/formation\/\" \/>\n<meta property=\"og:site_name\" content=\"SPACE Aero\" \/>\n<meta property=\"article:modified_time\" content=\"2025-01-03T09:18:37+00:00\" \/>\n<meta property=\"og:image\" content=\"https:\/\/www.space-aero.org\/wp-content\/uploads\/2018\/07\/photo_home_space-1.jpg\" \/>\n\t<meta property=\"og:image:width\" content=\"2000\" \/>\n\t<meta property=\"og:image:height\" content=\"1329\" \/>\n<meta name=\"twitter:card\" content=\"summary_large_image\" \/>\n<meta name=\"twitter:label1\" content=\"Tiempo de lectura\">\n\t<meta name=\"twitter:data1\" content=\"2 minutos\">\n<script type=\"application\/ld+json\" class=\"yoast-schema-graph\">{\"@context\":\"https:\/\/schema.org\",\"@graph\":[{\"@type\":\"WebSite\",\"@id\":\"https:\/\/www.space-aero.org\/en\/#website\",\"url\":\"https:\/\/www.space-aero.org\/en\/\",\"name\":\"SPACE Aero\",\"description\":\"Supply chain Progress towards Aeronautical Community Excellence\",\"potentialAction\":[{\"@type\":\"SearchAction\",\"target\":\"https:\/\/www.space-aero.org\/en\/?s={search_term_string}\",\"query-input\":\"required name=search_term_string\"}],\"inLanguage\":\"es\"},{\"@type\":\"WebPage\",\"@id\":\"https:\/\/www.space-aero.org\/es\/formation\/#webpage\",\"url\":\"https:\/\/www.space-aero.org\/es\/formation\/\",\"name\":\"Formaciones - SPACE Aero\",\"isPartOf\":{\"@id\":\"https:\/\/www.space-aero.org\/en\/#website\"},\"datePublished\":\"2018-10-18T19:18:21+00:00\",\"dateModified\":\"2025-01-03T09:18:37+00:00\",\"breadcrumb\":{\"@id\":\"https:\/\/www.space-aero.org\/es\/formation\/#breadcrumb\"},\"inLanguage\":\"es\",\"potentialAction\":[{\"@type\":\"ReadAction\",\"target\":[\"https:\/\/www.space-aero.org\/es\/formation\/\"]}]},{\"@type\":\"BreadcrumbList\",\"@id\":\"https:\/\/www.space-aero.org\/es\/formation\/#breadcrumb\",\"itemListElement\":[{\"@type\":\"ListItem\",\"position\":1,\"item\":{\"@type\":\"WebPage\",\"@id\":\"https:\/\/www.space-aero.org\/es\/\",\"url\":\"https:\/\/www.space-aero.org\/es\/\",\"name\":\"Home\"}},{\"@type\":\"ListItem\",\"position\":2,\"item\":{\"@type\":\"WebPage\",\"@id\":\"https:\/\/www.space-aero.org\/es\/formation\/\",\"url\":\"https:\/\/www.space-aero.org\/es\/formation\/\",\"name\":\"Formaciones\"}}]}]}<\/script>\n<!-- \/ Yoast SEO plugin. -->","_links":{"self":[{"href":"https:\/\/www.space-aero.org\/es\/wp-json\/wp\/v2\/pages\/668"}],"collection":[{"href":"https:\/\/www.space-aero.org\/es\/wp-json\/wp\/v2\/pages"}],"about":[{"href":"https:\/\/www.space-aero.org\/es\/wp-json\/wp\/v2\/types\/page"}],"author":[{"embeddable":true,"href":"https:\/\/www.space-aero.org\/es\/wp-json\/wp\/v2\/users\/23"}],"replies":[{"embeddable":true,"href":"https:\/\/www.space-aero.org\/es\/wp-json\/wp\/v2\/comments?post=668"}],"version-history":[{"count":311,"href":"https:\/\/www.space-aero.org\/es\/wp-json\/wp\/v2\/pages\/668\/revisions"}],"predecessor-version":[{"id":16310,"href":"https:\/\/www.space-aero.org\/es\/wp-json\/wp\/v2\/pages\/668\/revisions\/16310"}],"wp:attachment":[{"href":"https:\/\/www.space-aero.org\/es\/wp-json\/wp\/v2\/media?parent=668"}],"curies":[{"name":"wp","href":"https:\/\/api.w.org\/{rel}","templated":true}]}}