{"id":729,"date":"2018-10-22T11:52:02","date_gmt":"2018-10-22T09:52:02","guid":{"rendered":"https:\/\/www.space-aero.org\/?page_id=729"},"modified":"2021-03-12T09:43:10","modified_gmt":"2021-03-12T08:43:10","slug":"projets","status":"publish","type":"page","link":"https:\/\/www.space-aero.org\/es\/projets\/","title":{"rendered":"Proyectos"},"content":{"rendered":"[vc_row][vc_column][vc_single_image image=\"692\" alignment=\"center\" style=\"vc_box_shadow_3d\" img_filter=\"grayscale\"][\/vc_column][\/vc_row][vc_row][vc_column][vc_column_text]<strong>El objetivo principal<\/strong> es <strong>poner en pr\u00e1ctica las iniciativas personales que hacen<\/strong> mejoras significativas en el rendimiento de calidad y <strong>reducir los costes en toda la cadena de valor<\/strong> mediante el establecimiento y el mantenimiento de la cooperaci\u00f3n din\u00e1mica entre los actores aeroespaciales.<\/p>\n<p>&nbsp;<\/p>\n<p>Los proyectos de mejora SPACE se centran en la aplicaci\u00f3n de las mejores pr\u00e1cticas en los principales procesos utilizados en la cadena de suministro aeron\u00e1utica para ofrecer sus productos y servicios a tiempo, en coste y con calidad para lograr la satisfacci\u00f3n del cliente.<\/p>\n<p>&nbsp;<\/p>\n<p>Los\u00a0servicios de SPACE\u00a0propusieron cubrir el campo de la calidad en general, ayudando en la <strong>implementaci\u00f3n de la iniciativa de los Miembros Asociados a trav\u00e9s de: <\/strong><\/p>\n<ul>\n<li><strong>Desarrollo de un Sistema de Gesti\u00f3n de Calidad robusto<\/strong> (QMS),<\/li>\n<li>La implementaci\u00f3n de <strong>mejores pr\u00e1cticas<\/strong> de los principales procesos de la <strong>cadena de suministro, <\/strong><\/li>\n<li><strong>Mejora de los procesos de planning<\/strong><\/li>\n<\/ul>\n<p>Estas acciones son, a fin de lograr mejoras significativas en t\u00e9rminos de:<\/p>\n<ul>\n<li>Entregas a tiempo (OTD On-Time-Delivery)<\/li>\n<li>Reducci\u00f3n de costes de ventas, inventario y planificaci\u00f3n de operaciones (SIOP Sales, Inventory and Operations Planning).<\/li>\n<\/ul>\n<p>&nbsp;<\/p>\n[\/vc_column_text]<div class=\"vcex-module vcex-divider-dots wpex-mr-auto wpex-ml-auto textcenter\"><span class=\"wpex-inline-block wpex-round wpex-bg-accent wpex-mr-10\"><\/span><span class=\"wpex-inline-block wpex-round wpex-bg-accent wpex-mr-10\"><\/span><span class=\"wpex-inline-block wpex-round wpex-bg-accent wpex-mr-10\"><\/span><\/div>[\/vc_column][\/vc_row][vc_row][vc_column][vc_column_text]\n<p style=\"text-align: center;\"><span style=\"font-size: 32px;\"><strong>Tipos de proyectos<\/strong><\/span><\/p>\n[\/vc_column_text][\/vc_column][\/vc_row][vc_row][vc_column width=\"1\/2\"][vc_column_text]\n<h3><strong>Proyectos Colectivos<\/strong><\/h3>\n<p>Los proyectos colectivos son aquellos que involucran a un grupo de empresas, ya sea a nivel local, regional o nacional, y que tienen un objetivo doble: por un lado mejorar el rendimiento industrial de las peque\u00f1as y medianas empresas, y por otro lado ptimizar la relaci\u00f3n entre la peque\u00f1a y mediana empresa y los cli[\/vc_column_text][\/vc_column][vc_column width=\"1\/2\"][vc_column_text]\n<h3><a href=\"https:\/\/www.space-aero.org\/es\/projets\/projet-individuel\/\"><u>Proyectos\u00a0Individuales<\/u><\/a><\/h3>\n<p>Los proyectos individuales son aquellos enfocados a una empresa en particular, hecho totalmente a medida a \u00e9sta y a sus necesidades, y\u00a0son llevados a cabo por los expertos que los Miembros Ejecutivos nominan.[\/vc_column_text][\/vc_column][\/vc_row][vc_row][vc_column][vc_single_image image=\"3817\"][\/vc_column][\/vc_row]\n","protected":false},"excerpt":{"rendered":"<p>[vc_row][vc_column][vc_single_image image=\u00bb692&#8243; alignment=\u00bbcenter\u00bb style=\u00bbvc_box_shadow_3d\u00bb img_filter=\u00bbgrayscale\u00bb][\/vc_column][\/vc_row][vc_row][vc_column][vc_column_text]El objetivo principal es poner en pr\u00e1ctica las iniciativas personales que hacen mejoras significativas en el rendimiento de calidad y reducir los costes en toda la cadena de valor mediante el establecimiento y el mantenimiento de&hellip;<\/p>\n","protected":false},"author":23,"featured_media":0,"parent":0,"menu_order":0,"comment_status":"closed","ping_status":"closed","template":"","meta":[],"yoast_head":"<!-- This site is optimized with the Yoast SEO plugin v15.7 - https:\/\/yoast.com\/wordpress\/plugins\/seo\/ -->\n<title>Proyectos - SPACE Aero<\/title>\n<meta name=\"robots\" content=\"index, follow, max-snippet:-1, max-image-preview:large, max-video-preview:-1\" \/>\n<link rel=\"canonical\" href=\"https:\/\/www.space-aero.org\/es\/projets\/\" \/>\n<meta property=\"og:locale\" content=\"es_ES\" \/>\n<meta property=\"og:type\" content=\"article\" \/>\n<meta property=\"og:title\" content=\"Proyectos - SPACE Aero\" \/>\n<meta property=\"og:description\" content=\"[vc_row][vc_column][vc_single_image image=&quot;692&quot; alignment=&quot;center&quot; style=&quot;vc_box_shadow_3d&quot; img_filter=&quot;grayscale&quot;][\/vc_column][\/vc_row][vc_row][vc_column][vc_column_text]El objetivo principal es poner en pr\u00e1ctica las iniciativas personales que hacen mejoras significativas en el rendimiento de calidad y reducir los costes en toda la cadena de valor mediante el establecimiento y el mantenimiento de&hellip;\" \/>\n<meta property=\"og:url\" content=\"https:\/\/www.space-aero.org\/es\/projets\/\" \/>\n<meta property=\"og:site_name\" content=\"SPACE Aero\" \/>\n<meta property=\"article:modified_time\" content=\"2021-03-12T08:43:10+00:00\" \/>\n<meta property=\"og:image\" content=\"https:\/\/www.space-aero.org\/wp-content\/uploads\/2018\/07\/photo_home_space-1.jpg\" \/>\n\t<meta property=\"og:image:width\" content=\"2000\" \/>\n\t<meta property=\"og:image:height\" content=\"1329\" \/>\n<meta name=\"twitter:card\" content=\"summary_large_image\" \/>\n<meta name=\"twitter:label1\" content=\"Tiempo de lectura\">\n\t<meta name=\"twitter:data1\" content=\"2 minutos\">\n<script type=\"application\/ld+json\" class=\"yoast-schema-graph\">{\"@context\":\"https:\/\/schema.org\",\"@graph\":[{\"@type\":\"WebSite\",\"@id\":\"https:\/\/www.space-aero.org\/en\/#website\",\"url\":\"https:\/\/www.space-aero.org\/en\/\",\"name\":\"SPACE Aero\",\"description\":\"Supply chain Progress towards Aeronautical Community Excellence\",\"potentialAction\":[{\"@type\":\"SearchAction\",\"target\":\"https:\/\/www.space-aero.org\/en\/?s={search_term_string}\",\"query-input\":\"required name=search_term_string\"}],\"inLanguage\":\"es\"},{\"@type\":\"WebPage\",\"@id\":\"https:\/\/www.space-aero.org\/es\/projets\/#webpage\",\"url\":\"https:\/\/www.space-aero.org\/es\/projets\/\",\"name\":\"Proyectos - SPACE Aero\",\"isPartOf\":{\"@id\":\"https:\/\/www.space-aero.org\/en\/#website\"},\"datePublished\":\"2018-10-22T09:52:02+00:00\",\"dateModified\":\"2021-03-12T08:43:10+00:00\",\"breadcrumb\":{\"@id\":\"https:\/\/www.space-aero.org\/es\/projets\/#breadcrumb\"},\"inLanguage\":\"es\",\"potentialAction\":[{\"@type\":\"ReadAction\",\"target\":[\"https:\/\/www.space-aero.org\/es\/projets\/\"]}]},{\"@type\":\"BreadcrumbList\",\"@id\":\"https:\/\/www.space-aero.org\/es\/projets\/#breadcrumb\",\"itemListElement\":[{\"@type\":\"ListItem\",\"position\":1,\"item\":{\"@type\":\"WebPage\",\"@id\":\"https:\/\/www.space-aero.org\/es\/\",\"url\":\"https:\/\/www.space-aero.org\/es\/\",\"name\":\"Home\"}},{\"@type\":\"ListItem\",\"position\":2,\"item\":{\"@type\":\"WebPage\",\"@id\":\"https:\/\/www.space-aero.org\/es\/projets\/\",\"url\":\"https:\/\/www.space-aero.org\/es\/projets\/\",\"name\":\"Proyectos\"}}]}]}<\/script>\n<!-- \/ Yoast SEO plugin. -->","_links":{"self":[{"href":"https:\/\/www.space-aero.org\/es\/wp-json\/wp\/v2\/pages\/729"}],"collection":[{"href":"https:\/\/www.space-aero.org\/es\/wp-json\/wp\/v2\/pages"}],"about":[{"href":"https:\/\/www.space-aero.org\/es\/wp-json\/wp\/v2\/types\/page"}],"author":[{"embeddable":true,"href":"https:\/\/www.space-aero.org\/es\/wp-json\/wp\/v2\/users\/23"}],"replies":[{"embeddable":true,"href":"https:\/\/www.space-aero.org\/es\/wp-json\/wp\/v2\/comments?post=729"}],"version-history":[{"count":6,"href":"https:\/\/www.space-aero.org\/es\/wp-json\/wp\/v2\/pages\/729\/revisions"}],"predecessor-version":[{"id":8572,"href":"https:\/\/www.space-aero.org\/es\/wp-json\/wp\/v2\/pages\/729\/revisions\/8572"}],"wp:attachment":[{"href":"https:\/\/www.space-aero.org\/es\/wp-json\/wp\/v2\/media?parent=729"}],"curies":[{"name":"wp","href":"https:\/\/api.w.org\/{rel}","templated":true}]}}