{"id":732,"date":"2018-10-22T11:52:19","date_gmt":"2018-10-22T09:52:19","guid":{"rendered":"https:\/\/www.space-aero.org\/?page_id=732"},"modified":"2018-12-21T09:49:34","modified_gmt":"2018-12-21T08:49:34","slug":"projet-individuel","status":"publish","type":"page","link":"https:\/\/www.space-aero.org\/es\/projets\/projet-individuel\/","title":{"rendered":"Proyecto Individual"},"content":{"rendered":"[vc_row][vc_column width=\"1\/2\"][vc_column_text]El proyecto de mejora es conducido en dos fases:<\/p>\n<p>&nbsp;<\/p>\n<ul>\n<li><strong>Fase 1:\u00a0El Diagn\u00f3stico<\/strong><\/li>\n<\/ul>\n<p>Una evaluaci\u00f3n inicial se realiza\u00a0con el fin de identificar el alcance de las acciones de mejora. Para ejecutar esta evaluaci\u00f3n, SPACE\u00a0utiliza una herramienta dise\u00f1ada y desarrollada por los expertos conocida como \"Bricks of maturity\".<\/p>\n<p>&nbsp;<\/p>\n<ul>\n<li><strong>Fase 2: Plan de Acci\u00f3n<\/strong><\/li>\n<\/ul>\n<p>Acorde con los resultados de la evaluaci\u00f3n, un plan es definido por el gestor de proveedores y SPACE. Para la implementaci\u00f3n del plan de acci\u00f3n, el equipo del proyecto usa el\u00a0<span class=\"highlight1\">conjunto de herramientas est\u00e1ndar<\/span>\u00a0validado por SPACE.<\/p>\n<p>Despu\u00e9s, un comit\u00e9 de direcci\u00f3n formado por SPACE, expertos SPACE y los representantes de los miembros asociados siguen el plan de acci\u00f3n implementado.<\/p>\n<p>&nbsp;<\/p>\n<p>Con los servicios de mejora de SPACE, los miembros asociados se benefician de la educaci\u00f3n iniciada por nuestros expertos calificados que se centra en las metodolog\u00edas de la Cadena de Suministro, compartiendo el proceso de trabajo y el uso de nuestra medici\u00f3n com\u00fan y herramientas est\u00e1ndar.[\/vc_column_text][\/vc_column][vc_column width=\"1\/2\"]<div class=\"vcex-spacing wpex-w-100 wpex-clear\" style=\"height:22px\"><\/div>[vc_single_image image=\"1291\"][\/vc_column][\/vc_row]\n","protected":false},"excerpt":{"rendered":"<p>[vc_row][vc_column width=\u00bb1\/2&#8243;][vc_column_text]El proyecto de mejora es conducido en dos fases: &nbsp; Fase 1:\u00a0El Diagn\u00f3stico Una evaluaci\u00f3n inicial se realiza\u00a0con el fin de identificar el alcance de las acciones de mejora. Para ejecutar esta evaluaci\u00f3n, SPACE\u00a0utiliza una herramienta dise\u00f1ada y desarrollada&hellip;<\/p>\n","protected":false},"author":23,"featured_media":0,"parent":729,"menu_order":0,"comment_status":"closed","ping_status":"closed","template":"","meta":[],"yoast_head":"<!-- This site is optimized with the Yoast SEO plugin v15.7 - https:\/\/yoast.com\/wordpress\/plugins\/seo\/ -->\n<title>Proyecto Individual - SPACE Aero<\/title>\n<meta name=\"robots\" content=\"index, follow, max-snippet:-1, max-image-preview:large, max-video-preview:-1\" \/>\n<link rel=\"canonical\" href=\"https:\/\/www.space-aero.org\/es\/projets\/projet-individuel\/\" \/>\n<meta property=\"og:locale\" content=\"es_ES\" \/>\n<meta property=\"og:type\" content=\"article\" \/>\n<meta property=\"og:title\" content=\"Proyecto Individual - SPACE Aero\" \/>\n<meta property=\"og:description\" content=\"[vc_row][vc_column width=&quot;1\/2&quot;][vc_column_text]El proyecto de mejora es conducido en dos fases: &nbsp; Fase 1:\u00a0El Diagn\u00f3stico Una evaluaci\u00f3n inicial se realiza\u00a0con el fin de identificar el alcance de las acciones de mejora. Para ejecutar esta evaluaci\u00f3n, SPACE\u00a0utiliza una herramienta dise\u00f1ada y desarrollada&hellip;\" \/>\n<meta property=\"og:url\" content=\"https:\/\/www.space-aero.org\/es\/projets\/projet-individuel\/\" \/>\n<meta property=\"og:site_name\" content=\"SPACE Aero\" \/>\n<meta property=\"article:modified_time\" content=\"2018-12-21T08:49:34+00:00\" \/>\n<meta property=\"og:image\" content=\"https:\/\/www.space-aero.org\/wp-content\/uploads\/2018\/07\/photo_home_space-1.jpg\" \/>\n\t<meta property=\"og:image:width\" content=\"2000\" \/>\n\t<meta property=\"og:image:height\" content=\"1329\" \/>\n<meta name=\"twitter:card\" content=\"summary_large_image\" \/>\n<meta name=\"twitter:label1\" content=\"Tiempo de lectura\">\n\t<meta name=\"twitter:data1\" content=\"1 minuto\">\n<script type=\"application\/ld+json\" class=\"yoast-schema-graph\">{\"@context\":\"https:\/\/schema.org\",\"@graph\":[{\"@type\":\"WebSite\",\"@id\":\"https:\/\/www.space-aero.org\/en\/#website\",\"url\":\"https:\/\/www.space-aero.org\/en\/\",\"name\":\"SPACE Aero\",\"description\":\"Supply chain Progress towards Aeronautical Community Excellence\",\"potentialAction\":[{\"@type\":\"SearchAction\",\"target\":\"https:\/\/www.space-aero.org\/en\/?s={search_term_string}\",\"query-input\":\"required name=search_term_string\"}],\"inLanguage\":\"es\"},{\"@type\":\"WebPage\",\"@id\":\"https:\/\/www.space-aero.org\/es\/projets\/projet-individuel\/#webpage\",\"url\":\"https:\/\/www.space-aero.org\/es\/projets\/projet-individuel\/\",\"name\":\"Proyecto Individual - SPACE Aero\",\"isPartOf\":{\"@id\":\"https:\/\/www.space-aero.org\/en\/#website\"},\"datePublished\":\"2018-10-22T09:52:19+00:00\",\"dateModified\":\"2018-12-21T08:49:34+00:00\",\"breadcrumb\":{\"@id\":\"https:\/\/www.space-aero.org\/es\/projets\/projet-individuel\/#breadcrumb\"},\"inLanguage\":\"es\",\"potentialAction\":[{\"@type\":\"ReadAction\",\"target\":[\"https:\/\/www.space-aero.org\/es\/projets\/projet-individuel\/\"]}]},{\"@type\":\"BreadcrumbList\",\"@id\":\"https:\/\/www.space-aero.org\/es\/projets\/projet-individuel\/#breadcrumb\",\"itemListElement\":[{\"@type\":\"ListItem\",\"position\":1,\"item\":{\"@type\":\"WebPage\",\"@id\":\"https:\/\/www.space-aero.org\/es\/\",\"url\":\"https:\/\/www.space-aero.org\/es\/\",\"name\":\"Home\"}},{\"@type\":\"ListItem\",\"position\":2,\"item\":{\"@type\":\"WebPage\",\"@id\":\"https:\/\/www.space-aero.org\/es\/projets\/\",\"url\":\"https:\/\/www.space-aero.org\/es\/projets\/\",\"name\":\"Proyectos\"}},{\"@type\":\"ListItem\",\"position\":3,\"item\":{\"@type\":\"WebPage\",\"@id\":\"https:\/\/www.space-aero.org\/es\/projets\/projet-individuel\/\",\"url\":\"https:\/\/www.space-aero.org\/es\/projets\/projet-individuel\/\",\"name\":\"Proyecto Individual\"}}]}]}<\/script>\n<!-- \/ Yoast SEO plugin. -->","_links":{"self":[{"href":"https:\/\/www.space-aero.org\/es\/wp-json\/wp\/v2\/pages\/732"}],"collection":[{"href":"https:\/\/www.space-aero.org\/es\/wp-json\/wp\/v2\/pages"}],"about":[{"href":"https:\/\/www.space-aero.org\/es\/wp-json\/wp\/v2\/types\/page"}],"author":[{"embeddable":true,"href":"https:\/\/www.space-aero.org\/es\/wp-json\/wp\/v2\/users\/23"}],"replies":[{"embeddable":true,"href":"https:\/\/www.space-aero.org\/es\/wp-json\/wp\/v2\/comments?post=732"}],"version-history":[{"count":7,"href":"https:\/\/www.space-aero.org\/es\/wp-json\/wp\/v2\/pages\/732\/revisions"}],"predecessor-version":[{"id":3887,"href":"https:\/\/www.space-aero.org\/es\/wp-json\/wp\/v2\/pages\/732\/revisions\/3887"}],"up":[{"embeddable":true,"href":"https:\/\/www.space-aero.org\/es\/wp-json\/wp\/v2\/pages\/729"}],"wp:attachment":[{"href":"https:\/\/www.space-aero.org\/es\/wp-json\/wp\/v2\/media?parent=732"}],"curies":[{"name":"wp","href":"https:\/\/api.w.org\/{rel}","templated":true}]}}