{"id":734,"date":"2018-10-22T11:52:33","date_gmt":"2018-10-22T09:52:33","guid":{"rendered":"https:\/\/www.space-aero.org\/?page_id=734"},"modified":"2018-12-21T09:23:59","modified_gmt":"2018-12-21T08:23:59","slug":"trophees","status":"publish","type":"page","link":"https:\/\/www.space-aero.org\/es\/projets\/trophees\/","title":{"rendered":"Premios"},"content":{"rendered":"[vc_row][vc_column width=\"1\/4\"][vc_icon icon_fontawesome=\"fa fa-trophy\" color=\"black\" size=\"xl\" align=\"center\"][\/vc_column][vc_column width=\"3\/4\"][vc_column_text]<span style=\"font-size: 16px;\">Fiel a sus valores - experiencia, ejemplaridad y solidaridad - la Asociaci\u00f3n SPACE organiza anualmente una entrega de premios entre sus miembros en\u00a0presencia de las principals empresas aeron\u00e1uticas nacionales, aprovechando la celebraci\u00f3n de la Asamblea General de Miembros Asociados.<\/span>[\/vc_column_text][\/vc_column][\/vc_row][vc_row][vc_column][vc_column_text]<span style=\"font-size: 16px;\">El objetivo de estos trofeos es el de premiar a los miembros que m\u00e1s han progresado en t\u00e9rminos de desempe\u00f1o industrial mediante la realizaci\u00f3n de un proyecto de mejora, independientemente del marco del proyecto realizado (proyecto colectivo o individual impulsado por SPACE, o llevado a cabo por la propia empresa).<\/span><\/p>\n<p>&nbsp;<\/p>\n<p><span style=\"font-size: 16px;\">Con este premio se busca valorar y reconocer los esfuerzos y avances de las empresas comprometidas con la mejora continua y que emprenden proyectos de mejora, para as\u00ed fomentar a alcanzar una mayor calidad y competitividad.<\/span>[\/vc_column_text][\/vc_column][\/vc_row]\n","protected":false},"excerpt":{"rendered":"<p>[vc_row][vc_column width=\u00bb1\/4&#8243;][vc_icon icon_fontawesome=\u00bbfa fa-trophy\u00bb color=\u00bbblack\u00bb size=\u00bbxl\u00bb align=\u00bbcenter\u00bb][\/vc_column][vc_column width=\u00bb3\/4&#8243;][vc_column_text]Fiel a sus valores &#8211; experiencia, ejemplaridad y solidaridad &#8211; la Asociaci\u00f3n SPACE organiza anualmente una entrega de premios entre sus miembros en\u00a0presencia de las principals empresas aeron\u00e1uticas nacionales, aprovechando la celebraci\u00f3n de&hellip;<\/p>\n","protected":false},"author":23,"featured_media":0,"parent":729,"menu_order":0,"comment_status":"closed","ping_status":"closed","template":"","meta":[],"yoast_head":"<!-- This site is optimized with the Yoast SEO plugin v15.7 - https:\/\/yoast.com\/wordpress\/plugins\/seo\/ -->\n<title>Premios - SPACE Aero<\/title>\n<meta name=\"robots\" content=\"index, follow, max-snippet:-1, max-image-preview:large, max-video-preview:-1\" \/>\n<link rel=\"canonical\" href=\"https:\/\/www.space-aero.org\/es\/projets\/trophees\/\" \/>\n<meta property=\"og:locale\" content=\"es_ES\" \/>\n<meta property=\"og:type\" content=\"article\" \/>\n<meta property=\"og:title\" content=\"Premios - SPACE Aero\" \/>\n<meta property=\"og:description\" content=\"[vc_row][vc_column width=&quot;1\/4&quot;][vc_icon icon_fontawesome=&quot;fa fa-trophy&quot; color=&quot;black&quot; size=&quot;xl&quot; align=&quot;center&quot;][\/vc_column][vc_column width=&quot;3\/4&quot;][vc_column_text]Fiel a sus valores - experiencia, ejemplaridad y solidaridad - la Asociaci\u00f3n SPACE organiza anualmente una entrega de premios entre sus miembros en\u00a0presencia de las principals empresas aeron\u00e1uticas nacionales, aprovechando la celebraci\u00f3n de&hellip;\" \/>\n<meta property=\"og:url\" content=\"https:\/\/www.space-aero.org\/es\/projets\/trophees\/\" \/>\n<meta property=\"og:site_name\" content=\"SPACE Aero\" \/>\n<meta property=\"article:modified_time\" content=\"2018-12-21T08:23:59+00:00\" \/>\n<meta property=\"og:image\" content=\"https:\/\/www.space-aero.org\/wp-content\/uploads\/2018\/07\/photo_home_space-1.jpg\" \/>\n\t<meta property=\"og:image:width\" content=\"2000\" \/>\n\t<meta property=\"og:image:height\" content=\"1329\" \/>\n<meta name=\"twitter:card\" content=\"summary_large_image\" \/>\n<meta name=\"twitter:label1\" content=\"Tiempo de lectura\">\n\t<meta name=\"twitter:data1\" content=\"1 minuto\">\n<script type=\"application\/ld+json\" class=\"yoast-schema-graph\">{\"@context\":\"https:\/\/schema.org\",\"@graph\":[{\"@type\":\"WebSite\",\"@id\":\"https:\/\/www.space-aero.org\/en\/#website\",\"url\":\"https:\/\/www.space-aero.org\/en\/\",\"name\":\"SPACE Aero\",\"description\":\"Supply chain Progress towards Aeronautical Community Excellence\",\"potentialAction\":[{\"@type\":\"SearchAction\",\"target\":\"https:\/\/www.space-aero.org\/en\/?s={search_term_string}\",\"query-input\":\"required name=search_term_string\"}],\"inLanguage\":\"es\"},{\"@type\":\"WebPage\",\"@id\":\"https:\/\/www.space-aero.org\/es\/projets\/trophees\/#webpage\",\"url\":\"https:\/\/www.space-aero.org\/es\/projets\/trophees\/\",\"name\":\"Premios - SPACE Aero\",\"isPartOf\":{\"@id\":\"https:\/\/www.space-aero.org\/en\/#website\"},\"datePublished\":\"2018-10-22T09:52:33+00:00\",\"dateModified\":\"2018-12-21T08:23:59+00:00\",\"breadcrumb\":{\"@id\":\"https:\/\/www.space-aero.org\/es\/projets\/trophees\/#breadcrumb\"},\"inLanguage\":\"es\",\"potentialAction\":[{\"@type\":\"ReadAction\",\"target\":[\"https:\/\/www.space-aero.org\/es\/projets\/trophees\/\"]}]},{\"@type\":\"BreadcrumbList\",\"@id\":\"https:\/\/www.space-aero.org\/es\/projets\/trophees\/#breadcrumb\",\"itemListElement\":[{\"@type\":\"ListItem\",\"position\":1,\"item\":{\"@type\":\"WebPage\",\"@id\":\"https:\/\/www.space-aero.org\/es\/\",\"url\":\"https:\/\/www.space-aero.org\/es\/\",\"name\":\"Home\"}},{\"@type\":\"ListItem\",\"position\":2,\"item\":{\"@type\":\"WebPage\",\"@id\":\"https:\/\/www.space-aero.org\/es\/projets\/\",\"url\":\"https:\/\/www.space-aero.org\/es\/projets\/\",\"name\":\"Proyectos\"}},{\"@type\":\"ListItem\",\"position\":3,\"item\":{\"@type\":\"WebPage\",\"@id\":\"https:\/\/www.space-aero.org\/es\/projets\/trophees\/\",\"url\":\"https:\/\/www.space-aero.org\/es\/projets\/trophees\/\",\"name\":\"Premios\"}}]}]}<\/script>\n<!-- \/ Yoast SEO plugin. -->","_links":{"self":[{"href":"https:\/\/www.space-aero.org\/es\/wp-json\/wp\/v2\/pages\/734"}],"collection":[{"href":"https:\/\/www.space-aero.org\/es\/wp-json\/wp\/v2\/pages"}],"about":[{"href":"https:\/\/www.space-aero.org\/es\/wp-json\/wp\/v2\/types\/page"}],"author":[{"embeddable":true,"href":"https:\/\/www.space-aero.org\/es\/wp-json\/wp\/v2\/users\/23"}],"replies":[{"embeddable":true,"href":"https:\/\/www.space-aero.org\/es\/wp-json\/wp\/v2\/comments?post=734"}],"version-history":[{"count":7,"href":"https:\/\/www.space-aero.org\/es\/wp-json\/wp\/v2\/pages\/734\/revisions"}],"predecessor-version":[{"id":3831,"href":"https:\/\/www.space-aero.org\/es\/wp-json\/wp\/v2\/pages\/734\/revisions\/3831"}],"up":[{"embeddable":true,"href":"https:\/\/www.space-aero.org\/es\/wp-json\/wp\/v2\/pages\/729"}],"wp:attachment":[{"href":"https:\/\/www.space-aero.org\/es\/wp-json\/wp\/v2\/media?parent=734"}],"curies":[{"name":"wp","href":"https:\/\/api.w.org\/{rel}","templated":true}]}}