{"id":736,"date":"2018-10-22T11:52:49","date_gmt":"2018-10-22T09:52:49","guid":{"rendered":"https:\/\/www.space-aero.org\/?page_id=736"},"modified":"2025-01-20T16:14:33","modified_gmt":"2025-01-20T15:14:33","slug":"equipe-space","status":"publish","type":"page","link":"https:\/\/www.space-aero.org\/es\/que-es-space\/equipe-space\/","title":{"rendered":"Equipo SPACE Espa\u00f1a"},"content":{"rendered":"[vc_row][vc_column width=\"1\/2\"][vc_column_text]\n<h2>Nuestra Organizaci\u00f3n<\/h2>\n<p>&nbsp;<\/p>\n<p>SPACE Espa\u00f1a est\u00e1 organizado y basa su funcionamiento a trav\u00e9s de una estructura completamente colaborativa.<\/p>\n<p>La Asociaci\u00f3n cuenta\u00a0 la colaboraci\u00f3n principal de los Miembros Ejecutivos, los cuales financian la asociaci\u00f3n y otorgan recursos en forma principalmente de expertos para desarrollar tanto los proyectos de mejora como las propias formaciones.<\/p>\n[\/vc_column_text][\/vc_column][vc_column width=\"1\/2\"][vc_column_text]\n<h2>Estructura de Gobierno<\/h2>\n<p>&nbsp;<\/p>\n<p><strong>Consejo de Administraci\u00f3n<\/strong><\/p>\n<p>Est\u00e1 compuesto por representantes de los Miembros Ejecutivos de la asociaci\u00f3n:<\/p>\n<p>&nbsp;<\/p>\n<ul style=\"list-style-type: square;\">\n<li><strong>Presidente:<\/strong> Guillermo Sagrario Rueda (AIRBUS DEFENCE &amp; SPACE)<\/li>\n<li><strong>Secretario:<\/strong> Sergio Camps L\u00f3pez (ACITURRI)<\/li>\n<li><strong>Vocales:\u00a0<\/strong>Miguel \u00c1ngel Giraldo (AIRBUS OPERATIONS)<\/li>\n<\/ul>\n<p>&nbsp;<\/p>\n<p><strong>Directora de Operaciones<\/strong>: Irene Dorado Navas[\/vc_column_text][\/vc_column][\/vc_row][vc_row][vc_column][vc_single_image image=\"720\" alignment=\"center\" style=\"vc_box_border_circle\"][\/vc_column][\/vc_row]\n","protected":false},"excerpt":{"rendered":"<p>[vc_row][vc_column width=\u00bb1\/2&#8243;][vc_column_text] Nuestra Organizaci\u00f3n &nbsp; SPACE Espa\u00f1a est\u00e1 organizado y basa su funcionamiento a trav\u00e9s de una estructura completamente colaborativa. La Asociaci\u00f3n cuenta\u00a0 la colaboraci\u00f3n principal de los Miembros Ejecutivos, los cuales financian la asociaci\u00f3n y otorgan recursos en forma&hellip;<\/p>\n","protected":false},"author":23,"featured_media":0,"parent":737,"menu_order":0,"comment_status":"closed","ping_status":"closed","template":"","meta":[],"yoast_head":"<!-- This site is optimized with the Yoast SEO plugin v15.7 - https:\/\/yoast.com\/wordpress\/plugins\/seo\/ -->\n<title>Equipo SPACE Espa\u00f1a - SPACE Aero<\/title>\n<meta name=\"robots\" content=\"index, follow, max-snippet:-1, max-image-preview:large, max-video-preview:-1\" \/>\n<link rel=\"canonical\" href=\"https:\/\/www.space-aero.org\/es\/que-es-space\/equipe-space\/\" \/>\n<meta property=\"og:locale\" content=\"es_ES\" \/>\n<meta property=\"og:type\" content=\"article\" \/>\n<meta property=\"og:title\" content=\"Equipo SPACE Espa\u00f1a - SPACE Aero\" \/>\n<meta property=\"og:description\" content=\"[vc_row][vc_column width=&quot;1\/2&quot;][vc_column_text] Nuestra Organizaci\u00f3n &nbsp; SPACE Espa\u00f1a est\u00e1 organizado y basa su funcionamiento a trav\u00e9s de una estructura completamente colaborativa. La Asociaci\u00f3n cuenta\u00a0 la colaboraci\u00f3n principal de los Miembros Ejecutivos, los cuales financian la asociaci\u00f3n y otorgan recursos en forma&hellip;\" \/>\n<meta property=\"og:url\" content=\"https:\/\/www.space-aero.org\/es\/que-es-space\/equipe-space\/\" \/>\n<meta property=\"og:site_name\" content=\"SPACE Aero\" \/>\n<meta property=\"article:modified_time\" content=\"2025-01-20T15:14:33+00:00\" \/>\n<meta property=\"og:image\" content=\"https:\/\/www.space-aero.org\/wp-content\/uploads\/2018\/07\/photo_home_space-1.jpg\" \/>\n\t<meta property=\"og:image:width\" content=\"2000\" \/>\n\t<meta property=\"og:image:height\" content=\"1329\" \/>\n<meta name=\"twitter:card\" content=\"summary_large_image\" \/>\n<meta name=\"twitter:label1\" content=\"Tiempo de lectura\">\n\t<meta name=\"twitter:data1\" content=\"1 minuto\">\n<script type=\"application\/ld+json\" class=\"yoast-schema-graph\">{\"@context\":\"https:\/\/schema.org\",\"@graph\":[{\"@type\":\"WebSite\",\"@id\":\"https:\/\/www.space-aero.org\/en\/#website\",\"url\":\"https:\/\/www.space-aero.org\/en\/\",\"name\":\"SPACE Aero\",\"description\":\"Supply chain Progress towards Aeronautical Community Excellence\",\"potentialAction\":[{\"@type\":\"SearchAction\",\"target\":\"https:\/\/www.space-aero.org\/en\/?s={search_term_string}\",\"query-input\":\"required name=search_term_string\"}],\"inLanguage\":\"es\"},{\"@type\":\"WebPage\",\"@id\":\"https:\/\/www.space-aero.org\/es\/que-es-space\/equipe-space\/#webpage\",\"url\":\"https:\/\/www.space-aero.org\/es\/que-es-space\/equipe-space\/\",\"name\":\"Equipo SPACE Espa\\u00f1a - SPACE Aero\",\"isPartOf\":{\"@id\":\"https:\/\/www.space-aero.org\/en\/#website\"},\"datePublished\":\"2018-10-22T09:52:49+00:00\",\"dateModified\":\"2025-01-20T15:14:33+00:00\",\"breadcrumb\":{\"@id\":\"https:\/\/www.space-aero.org\/es\/que-es-space\/equipe-space\/#breadcrumb\"},\"inLanguage\":\"es\",\"potentialAction\":[{\"@type\":\"ReadAction\",\"target\":[\"https:\/\/www.space-aero.org\/es\/que-es-space\/equipe-space\/\"]}]},{\"@type\":\"BreadcrumbList\",\"@id\":\"https:\/\/www.space-aero.org\/es\/que-es-space\/equipe-space\/#breadcrumb\",\"itemListElement\":[{\"@type\":\"ListItem\",\"position\":1,\"item\":{\"@type\":\"WebPage\",\"@id\":\"https:\/\/www.space-aero.org\/es\/\",\"url\":\"https:\/\/www.space-aero.org\/es\/\",\"name\":\"Home\"}},{\"@type\":\"ListItem\",\"position\":2,\"item\":{\"@type\":\"WebPage\",\"@id\":\"https:\/\/www.space-aero.org\/es\/que-es-space\/\",\"url\":\"https:\/\/www.space-aero.org\/es\/que-es-space\/\",\"name\":\"\\u00bfQu\\u00e9 es SPACE?\"}},{\"@type\":\"ListItem\",\"position\":3,\"item\":{\"@type\":\"WebPage\",\"@id\":\"https:\/\/www.space-aero.org\/es\/que-es-space\/equipe-space\/\",\"url\":\"https:\/\/www.space-aero.org\/es\/que-es-space\/equipe-space\/\",\"name\":\"Equipo SPACE Espa\\u00f1a\"}}]}]}<\/script>\n<!-- \/ Yoast SEO plugin. -->","_links":{"self":[{"href":"https:\/\/www.space-aero.org\/es\/wp-json\/wp\/v2\/pages\/736"}],"collection":[{"href":"https:\/\/www.space-aero.org\/es\/wp-json\/wp\/v2\/pages"}],"about":[{"href":"https:\/\/www.space-aero.org\/es\/wp-json\/wp\/v2\/types\/page"}],"author":[{"embeddable":true,"href":"https:\/\/www.space-aero.org\/es\/wp-json\/wp\/v2\/users\/23"}],"replies":[{"embeddable":true,"href":"https:\/\/www.space-aero.org\/es\/wp-json\/wp\/v2\/comments?post=736"}],"version-history":[{"count":16,"href":"https:\/\/www.space-aero.org\/es\/wp-json\/wp\/v2\/pages\/736\/revisions"}],"predecessor-version":[{"id":16314,"href":"https:\/\/www.space-aero.org\/es\/wp-json\/wp\/v2\/pages\/736\/revisions\/16314"}],"up":[{"embeddable":true,"href":"https:\/\/www.space-aero.org\/es\/wp-json\/wp\/v2\/pages\/737"}],"wp:attachment":[{"href":"https:\/\/www.space-aero.org\/es\/wp-json\/wp\/v2\/media?parent=736"}],"curies":[{"name":"wp","href":"https:\/\/api.w.org\/{rel}","templated":true}]}}