{"id":737,"date":"2018-10-22T11:52:43","date_gmt":"2018-10-22T09:52:43","guid":{"rendered":"https:\/\/www.space-aero.org\/?page_id=737"},"modified":"2024-07-18T13:06:21","modified_gmt":"2024-07-18T11:06:21","slug":"que-es-space","status":"publish","type":"page","link":"https:\/\/www.space-aero.org\/es\/que-es-space\/","title":{"rendered":"\u00bfQu\u00e9 es SPACE?"},"content":{"rendered":"[vc_row][vc_column width=\"2\/3\"][vc_row_inner][vc_column_inner][\/vc_column_inner][\/vc_row_inner][vc_column_text]<span style=\"font-size: 18px;\"><strong>SPACE Espa\u00f1a<\/strong> es una asociaci\u00f3n sin \u00e1nimo de lucro que\u00a0ofrece a sus miembros un conjunto de servicios orientados a mejorar el rendimiento industrial y la competitividad dentro de la cadena de suministro de la industria de la aviaci\u00f3n civil y la industria espacial. Esta motivaci\u00f3n se traduce en nuestro acr\u00f3nimo:\u00a0Supply chain Progress towards Aeronautical Community Excellence.<\/span><\/p>\n<p>&nbsp;<\/p>\n<p><a href=\"https:\/\/www.space-aero.org\/es\/?p=736\"><strong><span style=\"font-size: 18px;\">Conoce aqu\u00ed a nuestro equipo<\/span><\/strong><\/a>[\/vc_column_text][\/vc_column][vc_column width=\"1\/3\"][vc_single_image image=\"3688\"][\/vc_column][\/vc_row][vc_row][vc_column][vc_hoverbox image=\"198\" primary_title=\"\" hover_title=\"Bases de SPACE\" el_width=\"80\" css_animation=\"fadeIn\"]\n<ul>\n<li style=\"text-align: left;\"><span style=\"font-size: 18px;\"><strong>Asociaci\u00f3n Europea sin \u00e1nimo de lucro<\/strong><\/span><\/li>\n<li style=\"text-align: left;\"><span style=\"font-size: 18px;\"><strong>Fundada en 2007 por las principales compa\u00f1\u00edas aeron\u00e1uticas europeas<\/strong><\/span><\/li>\n<li style=\"text-align: left;\"><span style=\"font-size: 18px;\"><strong>Financiada por los miembros (en proporci\u00f3n a la facturaci\u00f3n)<\/strong><\/span><\/li>\n<li style=\"text-align: left;\"><span style=\"font-size: 18px;\"><strong>Garant\u00eda de confidencialidad<\/strong><\/span><\/li>\n<li style=\"text-align: left;\"><span style=\"font-size: 18px;\"><strong>Basada en 3 sedes principales: Francia, Espa\u00f1a y Alemania<\/strong><\/span><\/li>\n<\/ul>\n[\/vc_hoverbox][\/vc_column][vc_column]<div class=\"vcex-module vcex-divider-multicolor wpex-flex wpex-max-w-100 wpex-m-auto wpex-clr\"><span class=\"wpex-flex-grow\" style=\"background:#301961;\"><\/span><span class=\"wpex-flex-grow\" style=\"background:#452586;\"><\/span><span class=\"wpex-flex-grow\" style=\"background:#301961;\"><\/span><span class=\"wpex-flex-grow\" style=\"background:#5f3aae;\"><\/span><span class=\"wpex-flex-grow\" style=\"background:#01c1a8;\"><\/span><span class=\"wpex-flex-grow\" style=\"background:#11e2c5;\"><\/span><span class=\"wpex-flex-grow\" style=\"background:#6ffceb;\"><\/span><span class=\"wpex-flex-grow\" style=\"background:#b0fbff;\"><\/span><\/div>[\/vc_column][\/vc_row][vc_row][vc_column width=\"1\/4\"][vc_column_text]\n<p style=\"text-align: center;\"><span style=\"font-size: 36px;\"><strong>Objetivo<\/strong><\/span><\/p>\n[\/vc_column_text][\/vc_column][vc_column width=\"3\/4\"][vc_column_text]<span style=\"font-size: 18px;\">Ofrecer e implementar servicios con el objetivo de <b><i>mejorar el rendimiento industrial<\/i><\/b> e <b><i>incrementar la competitividad de la cadena de suministro<\/i><\/b> de los productos industriales para la industria aeron\u00e1utica.<\/span>[\/vc_column_text][\/vc_column][\/vc_row][vc_row][vc_column]<div class=\"vcex-spacing wpex-w-100 wpex-clear\" style=\"height:15px\"><\/div>[\/vc_column][\/vc_row][vc_row][vc_column width=\"1\/4\"][vc_column_text]\n<p style=\"text-align: center;\"><strong><span style=\"font-size: 36px;\">Servicios<\/span><\/strong><\/p>\n[\/vc_column_text][\/vc_column][vc_column width=\"3\/4\"][vc_tta_tabs color=\"sky\" spacing=\"3\" gap=\"3\" active_section=\"1\" pagination_style=\"outline-round\" pagination_color=\"sky\" css_animation=\"none\"][vc_tta_section i_icon_fontawesome=\"fa fa-book\" add_icon=\"true\" title=\"Formaci\u00f3n\" tab_id=\"1545300816568-b07b5c85-b315\"][vc_column_text css_animation=\"fadeIn\"]\n<ul>\n<li><span style=\"font-size: 18px;\">El <b>programa de formaci\u00f3n <\/b>est\u00e1 dirigido a proporcionar las habilidades operativas necesarias para todos los actores claves de SPACE de los miembros ejecutivos y asociados.<\/span><\/li>\n<\/ul>\n<p>&nbsp;<\/p>\n<ul>\n<li><span style=\"font-size: 18px;\">Persigue los siguientes <b>objetivos<\/b>:<\/span><\/li>\n<\/ul>\n<p style=\"padding-left: 60px;\"><span style=\"font-size: 18px;\">\u00a0 - Estandarizar y consolidar el conocimiento.<\/span><\/p>\n<p style=\"padding-left: 60px;\"><span style=\"font-size: 18px;\">\u00a0 - Reforzar a los actores clave de la cadena de suministro.<\/span><\/p>\n<p style=\"padding-left: 60px;\"><span style=\"font-size: 18px;\">\u00a0 - Dominar la terminolog\u00eda internacional y los conceptos fundamentales.<\/span><\/p>\n<p style=\"padding-left: 60px;\"><span style=\"font-size: 18px;\">\u00a0 - Certificar a los actores clave de la cadena de suministro.<\/span><\/p>\n[\/vc_column_text][\/vc_tta_section][vc_tta_section i_icon_fontawesome=\"fa fa-line-chart\" add_icon=\"true\" title=\"Proyectos de mejora\" tab_id=\"1545300816667-5d88e853-9ecf\"][vc_column_text css_animation=\"fadeIn\"]\n<ul>\n<li><span style=\"font-size: 18px;\">El <b>objetivo principal <\/b>es poner en pr\u00e1ctica las iniciativas que provocan mejoras significativas en la calidad y reducen los costes en toda la cadena de valor mediante el establecimiento y el mantenimiento de la cooperaci\u00f3n din\u00e1mica entre los actores aeroespaciales.<\/span><\/li>\n<\/ul>\n<p>&nbsp;<\/p>\n<ul>\n<li><span style=\"font-size: 18px;\">Existen <b>dos tipos<\/b> principales de proyectos de mejora: <b><i>individuales<\/i><\/b> y <b><i>colectivos<\/i><\/b>.<\/span><\/li>\n<\/ul>\n[\/vc_column_text][\/vc_tta_section][vc_tta_section i_icon_fontawesome=\"fa fa-desktop\" add_icon=\"true\" title=\"Herramientas\" tab_id=\"1545301576395-17a937c4-da91\"][vc_column_text css_animation=\"fadeIn\"]\n<ul>\n<li><span style=\"font-size: 18px;\">Desarrollo de <strong>herramientas y procesos<\/strong> con el objetivo de ser difundidas entre los miembros y as\u00ed conseguir mejoras significativas.<\/span><\/li>\n<\/ul>\n<p>&nbsp;<\/p>\n[\/vc_column_text][\/vc_tta_section][vc_tta_section i_icon_fontawesome=\"fa fa-trophy\" add_icon=\"true\" title=\"Ejemplaridad\" tab_id=\"1545303365002-e260fa62-fcae\"]<div class=\"vcex-module vcex-divider vcex-divider-solid wpex-max-w-100 wpex-mx-auto wpex-block wpex-h-0 wpex-border-b wpex-border-solid wpex-border-gray-200\"><\/div>[vc_column_text css_animation=\"fadeIn\"]\n<ul>\n<li><span style=\"font-size: 18px;\">Promoci\u00f3n de la <strong>ejemplaridad<\/strong> dentro del sector, a trav\u00e9s de la adjudicaci\u00f3n de premios y la celebraci\u00f3n de actividades para fomentar la comunicaci\u00f3n entre los miembros.<\/span><\/li>\n<\/ul>\n<p>&nbsp;<\/p>\n[\/vc_column_text][\/vc_tta_section][\/vc_tta_tabs][\/vc_column][\/vc_row][vc_row][vc_column]<div class=\"vcex-spacing wpex-w-100 wpex-clear\" style=\"height:15px\"><\/div>[\/vc_column][\/vc_row][vc_row][vc_column][vc_column_text]\n<p style=\"text-align: center;\"><strong><span style=\"font-size: 36px;\">Informaci\u00f3n Relevante<\/span><\/strong><\/p>\n[\/vc_column_text][\/vc_column][\/vc_row][vc_row][vc_column width=\"1\/2\"]<div class=\"vcex-module vcex-milestone wpex-text-center vcex-ip-inline wpex-clr\"><div class=\"vcex-milestone-inner wpex-inline-block\"><div class=\"vcex-milestone-desc\"><div class=\"vcex-milestone-number wpex-leading-none wpex-font-semibold wpex-text-gray-400\"><span class=\"vcex-milestone-before\"><span class=\"vcex-milestone-icon wpex-mr-15 wpex-inline-block\"><span class=\"ticon ticon-users\" aria-hidden=\"true\"><\/span><\/span><\/span><span class=\"vcex-milestone-time vcex-countup\" data-options=\"{&quot;startVal&quot;:0,&quot;endVal&quot;:30,&quot;duration&quot;:2.5,&quot;decimals&quot;:0,&quot;separator&quot;:&quot;,&quot;,&quot;decimal&quot;:&quot;.&quot;}\">0<\/span><\/div><div class=\"vcex-milestone-caption wpex-mt-5 wpex-text-lg wpex-text-gray-500\" style=\"font-weight:600;\">Miembros SPACE Espa\u00f1a<\/div><\/div><\/div><\/div>[\/vc_column][vc_column width=\"1\/2\"]<div class=\"vcex-module vcex-milestone wpex-text-center vcex-ip-inline wpex-clr\"><div class=\"vcex-milestone-inner wpex-inline-block\"><div class=\"vcex-milestone-desc\"><div class=\"vcex-milestone-number wpex-leading-none wpex-font-semibold wpex-text-gray-400\"><span class=\"vcex-milestone-before\"><span class=\"vcex-milestone-icon wpex-mr-15 wpex-inline-block\"><span class=\"ticon ticon-area-chart\" aria-hidden=\"true\"><\/span><\/span><\/span><span class=\"vcex-milestone-time vcex-countup\" data-options=\"{&quot;startVal&quot;:0,&quot;endVal&quot;:40,&quot;duration&quot;:2.5,&quot;decimals&quot;:0,&quot;separator&quot;:&quot;,&quot;,&quot;decimal&quot;:&quot;.&quot;}\">0<\/span><\/div><div class=\"vcex-milestone-caption wpex-mt-5 wpex-text-lg wpex-text-gray-500\" style=\"font-weight:600;\">Proyectos realizados por SPACE Espa\u00f1a hasta noviembre 2023<\/div><\/div><\/div><\/div>[\/vc_column][\/vc_row][vc_row][vc_column width=\"1\/2\"]<div class=\"vcex-module vcex-milestone wpex-text-center hvr hvr-pulse-grow vcex-ip-inline wpex-clr\"><div class=\"vcex-milestone-inner wpex-inline-block\"><div class=\"vcex-milestone-desc\"><div class=\"vcex-milestone-number wpex-leading-none wpex-font-semibold wpex-text-gray-400\"><span class=\"vcex-milestone-before\"><span class=\"vcex-milestone-icon wpex-mr-15 wpex-inline-block\"><span class=\"ticon ticon-book\" aria-hidden=\"true\"><\/span><\/span><\/span><span class=\"vcex-milestone-time vcex-countup\" data-options=\"{&quot;startVal&quot;:0,&quot;endVal&quot;:492,&quot;duration&quot;:2.5,&quot;decimals&quot;:0,&quot;separator&quot;:&quot;.&quot;,&quot;decimal&quot;:&quot;,&quot;}\">0<\/span><\/div><div class=\"vcex-milestone-caption wpex-mt-5 wpex-text-lg wpex-text-gray-500\" style=\"font-weight:600;\">Horas de formaci\u00f3n llevadas a cabo por SPACE Espa\u00f1a hasta julio 2024<\/div><\/div><\/div><\/div>[\/vc_column][vc_column width=\"1\/2\"]<div class=\"vcex-module vcex-milestone wpex-text-center vcex-ip-inline wpex-clr\"><div class=\"vcex-milestone-inner wpex-inline-block\"><div class=\"vcex-milestone-desc\"><div class=\"vcex-milestone-number wpex-leading-none wpex-font-semibold wpex-text-gray-400\"><span class=\"vcex-milestone-before\"><span class=\"vcex-milestone-icon wpex-mr-15 wpex-inline-block\"><span class=\"ticon ticon-user-o\" aria-hidden=\"true\"><\/span><\/span><\/span><span class=\"vcex-milestone-time vcex-countup\" data-options=\"{&quot;startVal&quot;:0,&quot;endVal&quot;:3676,&quot;duration&quot;:2.5,&quot;decimals&quot;:0,&quot;separator&quot;:&quot;.&quot;,&quot;decimal&quot;:&quot;,&quot;}\">0<\/span><\/div><div class=\"vcex-milestone-caption wpex-mt-5 wpex-text-lg wpex-text-gray-500\" style=\"font-weight:600;\">Personas formadas por SPACE Espa\u00f1a hasta julio 2024<\/div><\/div><\/div><\/div>[\/vc_column][\/vc_row]\n","protected":false},"excerpt":{"rendered":"<p>[vc_row][vc_column width=\u00bb2\/3&#8243;][vc_row_inner][vc_column_inner][\/vc_column_inner][\/vc_row_inner][vc_column_text]SPACE Espa\u00f1a es una asociaci\u00f3n sin \u00e1nimo de lucro que\u00a0ofrece a sus miembros un conjunto de servicios orientados a mejorar el rendimiento industrial y la competitividad dentro de la cadena de suministro de la industria de la aviaci\u00f3n civil&hellip;<\/p>\n","protected":false},"author":23,"featured_media":0,"parent":0,"menu_order":0,"comment_status":"closed","ping_status":"closed","template":"","meta":[],"yoast_head":"<!-- This site is optimized with the Yoast SEO plugin v15.7 - https:\/\/yoast.com\/wordpress\/plugins\/seo\/ -->\n<title>\u00bfQu\u00e9 es SPACE? - SPACE Aero<\/title>\n<meta name=\"robots\" content=\"index, follow, max-snippet:-1, max-image-preview:large, max-video-preview:-1\" \/>\n<link rel=\"canonical\" href=\"https:\/\/www.space-aero.org\/es\/que-es-space\/\" \/>\n<meta property=\"og:locale\" content=\"es_ES\" \/>\n<meta property=\"og:type\" content=\"article\" \/>\n<meta property=\"og:title\" content=\"\u00bfQu\u00e9 es SPACE? - SPACE Aero\" \/>\n<meta property=\"og:description\" content=\"[vc_row][vc_column width=&quot;2\/3&quot;][vc_row_inner][vc_column_inner][\/vc_column_inner][\/vc_row_inner][vc_column_text]SPACE Espa\u00f1a es una asociaci\u00f3n sin \u00e1nimo de lucro que\u00a0ofrece a sus miembros un conjunto de servicios orientados a mejorar el rendimiento industrial y la competitividad dentro de la cadena de suministro de la industria de la aviaci\u00f3n civil&hellip;\" \/>\n<meta property=\"og:url\" content=\"https:\/\/www.space-aero.org\/es\/que-es-space\/\" \/>\n<meta property=\"og:site_name\" content=\"SPACE Aero\" \/>\n<meta property=\"article:modified_time\" content=\"2024-07-18T11:06:21+00:00\" \/>\n<meta property=\"og:image\" content=\"https:\/\/www.space-aero.org\/wp-content\/uploads\/2018\/07\/photo_home_space-1.jpg\" \/>\n\t<meta property=\"og:image:width\" content=\"2000\" \/>\n\t<meta property=\"og:image:height\" content=\"1329\" \/>\n<meta name=\"twitter:card\" content=\"summary_large_image\" \/>\n<meta name=\"twitter:label1\" content=\"Tiempo de lectura\">\n\t<meta name=\"twitter:data1\" content=\"2 minutos\">\n<script type=\"application\/ld+json\" class=\"yoast-schema-graph\">{\"@context\":\"https:\/\/schema.org\",\"@graph\":[{\"@type\":\"WebSite\",\"@id\":\"https:\/\/www.space-aero.org\/en\/#website\",\"url\":\"https:\/\/www.space-aero.org\/en\/\",\"name\":\"SPACE Aero\",\"description\":\"Supply chain Progress towards Aeronautical Community Excellence\",\"potentialAction\":[{\"@type\":\"SearchAction\",\"target\":\"https:\/\/www.space-aero.org\/en\/?s={search_term_string}\",\"query-input\":\"required name=search_term_string\"}],\"inLanguage\":\"es\"},{\"@type\":\"WebPage\",\"@id\":\"https:\/\/www.space-aero.org\/es\/que-es-space\/#webpage\",\"url\":\"https:\/\/www.space-aero.org\/es\/que-es-space\/\",\"name\":\"\\u00bfQu\\u00e9 es SPACE? - SPACE Aero\",\"isPartOf\":{\"@id\":\"https:\/\/www.space-aero.org\/en\/#website\"},\"datePublished\":\"2018-10-22T09:52:43+00:00\",\"dateModified\":\"2024-07-18T11:06:21+00:00\",\"breadcrumb\":{\"@id\":\"https:\/\/www.space-aero.org\/es\/que-es-space\/#breadcrumb\"},\"inLanguage\":\"es\",\"potentialAction\":[{\"@type\":\"ReadAction\",\"target\":[\"https:\/\/www.space-aero.org\/es\/que-es-space\/\"]}]},{\"@type\":\"BreadcrumbList\",\"@id\":\"https:\/\/www.space-aero.org\/es\/que-es-space\/#breadcrumb\",\"itemListElement\":[{\"@type\":\"ListItem\",\"position\":1,\"item\":{\"@type\":\"WebPage\",\"@id\":\"https:\/\/www.space-aero.org\/es\/\",\"url\":\"https:\/\/www.space-aero.org\/es\/\",\"name\":\"Home\"}},{\"@type\":\"ListItem\",\"position\":2,\"item\":{\"@type\":\"WebPage\",\"@id\":\"https:\/\/www.space-aero.org\/es\/que-es-space\/\",\"url\":\"https:\/\/www.space-aero.org\/es\/que-es-space\/\",\"name\":\"\\u00bfQu\\u00e9 es SPACE?\"}}]}]}<\/script>\n<!-- \/ Yoast SEO plugin. -->","_links":{"self":[{"href":"https:\/\/www.space-aero.org\/es\/wp-json\/wp\/v2\/pages\/737"}],"collection":[{"href":"https:\/\/www.space-aero.org\/es\/wp-json\/wp\/v2\/pages"}],"about":[{"href":"https:\/\/www.space-aero.org\/es\/wp-json\/wp\/v2\/types\/page"}],"author":[{"embeddable":true,"href":"https:\/\/www.space-aero.org\/es\/wp-json\/wp\/v2\/users\/23"}],"replies":[{"embeddable":true,"href":"https:\/\/www.space-aero.org\/es\/wp-json\/wp\/v2\/comments?post=737"}],"version-history":[{"count":41,"href":"https:\/\/www.space-aero.org\/es\/wp-json\/wp\/v2\/pages\/737\/revisions"}],"predecessor-version":[{"id":6594,"href":"https:\/\/www.space-aero.org\/es\/wp-json\/wp\/v2\/pages\/737\/revisions\/6594"}],"wp:attachment":[{"href":"https:\/\/www.space-aero.org\/es\/wp-json\/wp\/v2\/media?parent=737"}],"curies":[{"name":"wp","href":"https:\/\/api.w.org\/{rel}","templated":true}]}}