{"id":788,"date":"2018-10-22T11:54:07","date_gmt":"2018-10-22T09:54:07","guid":{"rendered":"https:\/\/www.space-aero.org\/?page_id=788"},"modified":"2018-12-27T21:23:32","modified_gmt":"2018-12-27T20:23:32","slug":"rejoignez-nous","status":"publish","type":"page","link":"https:\/\/www.space-aero.org\/es\/reseau\/rejoignez-nous\/","title":{"rendered":"\u00danete a nosotros"},"content":{"rendered":"[vc_row][vc_column width=\"2\/3\"][vc_column_text]Cualquier entidad legal que ejerza una actividad comercial en el sector aeron\u00e1utico civil y fabricante de productos a bordo de aeronaves puede ser un candidato para ser miembro de la asociaci\u00f3n, si cumple con las dem\u00e1s condiciones de elegibilidad descritas en los estatutos de la asociaci\u00f3n SPACE &#x2122;.<\/p>\n<p>Los miembros se dividen en tres categor\u00edas:<\/p>\n<p>&nbsp;<\/p>\n<p>\u00b7 Miembro Ejecutivo<\/p>\n<p>\u00b7 Miembro Asociado<\/p>\n<p>\u00b7 Miembro Honorario<\/p>\n<p>&nbsp;<\/p>\n<p>&nbsp;<\/p>\n<p><span style=\"color: #0000ff;\"><strong>\u00danete a nosotros: como miembro ejecutivo<\/strong><\/span><\/p>\n<p>&nbsp;<\/p>\n<p>Cualquier empresa de aeron\u00e1utica civil o espacial que produzca partes integradas que apruebe los servicios de mejora de personal y que se comprometa a desarrollar, usar, compartir y promover las herramientas y metodolog\u00edas de SPACE '&#x2122;. puede convertirse en un miembro ejecutivo<\/p>\n<p>Asignaci\u00f3n de personal significa al menos una persona a tiempo completo o equivalente por a\u00f1o proporcionada por cada Miembro Ejecutivo.<br \/>\nEl actual Consejo de Administraci\u00f3n est\u00e1 compuesto por altos ejecutivos de las compa\u00f1\u00edas miembros m\u00e1s grandes de la asociaci\u00f3n.<br \/>\nEl Consejo de Administraci\u00f3n elige entre sus miembros a un Presidente que establece las pautas para la acci\u00f3n de la asociaci\u00f3n en respuesta a los deseos y preocupaciones de los miembros.<\/p>\n<p>&nbsp;<\/p>\n<p><strong><span style=\"color: #0000ff;\">\u00danase a nosotros: como miembro asociado<\/span><\/strong><\/p>\n<p>&nbsp;<\/p>\n<p>Proveedores de sistemas aeron\u00e1uticos o espaciales.<\/p>\n<p>Socios industriales de la cadena de suministro de los miembros ejecutivos,<\/p>\n<p>Empresas que deseen mejorar su desempe\u00f1o industrial y los de su propia Cadena de Suministro.<\/p>\n<p>Se puede otorgar una exenci\u00f3n de contribuci\u00f3n anual a cualquier miembro asociado. Esta eventualidad se trata en el contexto de una decisi\u00f3n espec\u00edfica tomada por el comit\u00e9 ejecutivo.<\/p>\n<p>&nbsp;<\/p>\n<p><strong><span style=\"color: #0000ff;\">\u00danete a nosotros: como miembro honorario<\/span><\/strong><\/p>\n<p>&nbsp;<\/p>\n<p>Cualquier organizaci\u00f3n profesional aeron\u00e1utica o espacial que desee promover el desarrollo de las actividades de SPACE &#x2122; puede convertirse en Miembro Honorario.[\/vc_column_text][\/vc_column][vc_column width=\"1\/3\"][vc_btn title=\"Aplicaci\u00f3n Miembro Asociado \" color=\"primary\" align=\"center\" button_block=\"true\" link=\"url:https%3A%2F%2Fwww.space-aero.org%2Fwp-content%2Fuploads%2F2018%2F12%2FAplicacion-Miembros-Asociados-1.doc|||\"][vc_btn title=\"Cuota de Suscripci\u00f3n \" color=\"primary\" size=\"lg\" align=\"center\" button_block=\"true\" link=\"url:https%3A%2F%2Fwww.space-aero.org%2Fwp-content%2Fuploads%2F2018%2F12%2FCuota-de-suscripci%C3%B3n-anual1..pdf|||\"][vc_single_image image=\"3415\"][\/vc_column][\/vc_row]\n","protected":false},"excerpt":{"rendered":"<p>[vc_row][vc_column width=\u00bb2\/3&#8243;][vc_column_text]Cualquier entidad legal que ejerza una actividad comercial en el sector aeron\u00e1utico civil y fabricante de productos a bordo de aeronaves puede ser un candidato para ser miembro de la asociaci\u00f3n, si cumple con las dem\u00e1s condiciones de elegibilidad&hellip;<\/p>\n","protected":false},"author":23,"featured_media":0,"parent":738,"menu_order":0,"comment_status":"closed","ping_status":"closed","template":"","meta":[],"yoast_head":"<!-- This site is optimized with the Yoast SEO plugin v15.7 - https:\/\/yoast.com\/wordpress\/plugins\/seo\/ -->\n<title>\u00danete a nosotros - SPACE Aero<\/title>\n<meta name=\"robots\" content=\"index, follow, max-snippet:-1, max-image-preview:large, max-video-preview:-1\" \/>\n<link rel=\"canonical\" href=\"https:\/\/www.space-aero.org\/es\/reseau\/rejoignez-nous\/\" \/>\n<meta property=\"og:locale\" content=\"es_ES\" \/>\n<meta property=\"og:type\" content=\"article\" \/>\n<meta property=\"og:title\" content=\"\u00danete a nosotros - SPACE Aero\" \/>\n<meta property=\"og:description\" content=\"[vc_row][vc_column width=&quot;2\/3&quot;][vc_column_text]Cualquier entidad legal que ejerza una actividad comercial en el sector aeron\u00e1utico civil y fabricante de productos a bordo de aeronaves puede ser un candidato para ser miembro de la asociaci\u00f3n, si cumple con las dem\u00e1s condiciones de elegibilidad&hellip;\" \/>\n<meta property=\"og:url\" content=\"https:\/\/www.space-aero.org\/es\/reseau\/rejoignez-nous\/\" \/>\n<meta property=\"og:site_name\" content=\"SPACE Aero\" \/>\n<meta property=\"article:modified_time\" content=\"2018-12-27T20:23:32+00:00\" \/>\n<meta property=\"og:image\" content=\"https:\/\/www.space-aero.org\/wp-content\/uploads\/2018\/07\/photo_home_space-1.jpg\" \/>\n\t<meta property=\"og:image:width\" content=\"2000\" \/>\n\t<meta property=\"og:image:height\" content=\"1329\" \/>\n<meta name=\"twitter:card\" content=\"summary_large_image\" \/>\n<meta name=\"twitter:label1\" content=\"Tiempo de lectura\">\n\t<meta name=\"twitter:data1\" content=\"2 minutos\">\n<script type=\"application\/ld+json\" class=\"yoast-schema-graph\">{\"@context\":\"https:\/\/schema.org\",\"@graph\":[{\"@type\":\"WebSite\",\"@id\":\"https:\/\/www.space-aero.org\/en\/#website\",\"url\":\"https:\/\/www.space-aero.org\/en\/\",\"name\":\"SPACE Aero\",\"description\":\"Supply chain Progress towards Aeronautical Community Excellence\",\"potentialAction\":[{\"@type\":\"SearchAction\",\"target\":\"https:\/\/www.space-aero.org\/en\/?s={search_term_string}\",\"query-input\":\"required name=search_term_string\"}],\"inLanguage\":\"es\"},{\"@type\":\"WebPage\",\"@id\":\"https:\/\/www.space-aero.org\/es\/reseau\/rejoignez-nous\/#webpage\",\"url\":\"https:\/\/www.space-aero.org\/es\/reseau\/rejoignez-nous\/\",\"name\":\"\\u00danete a nosotros - SPACE Aero\",\"isPartOf\":{\"@id\":\"https:\/\/www.space-aero.org\/en\/#website\"},\"datePublished\":\"2018-10-22T09:54:07+00:00\",\"dateModified\":\"2018-12-27T20:23:32+00:00\",\"breadcrumb\":{\"@id\":\"https:\/\/www.space-aero.org\/es\/reseau\/rejoignez-nous\/#breadcrumb\"},\"inLanguage\":\"es\",\"potentialAction\":[{\"@type\":\"ReadAction\",\"target\":[\"https:\/\/www.space-aero.org\/es\/reseau\/rejoignez-nous\/\"]}]},{\"@type\":\"BreadcrumbList\",\"@id\":\"https:\/\/www.space-aero.org\/es\/reseau\/rejoignez-nous\/#breadcrumb\",\"itemListElement\":[{\"@type\":\"ListItem\",\"position\":1,\"item\":{\"@type\":\"WebPage\",\"@id\":\"https:\/\/www.space-aero.org\/es\/\",\"url\":\"https:\/\/www.space-aero.org\/es\/\",\"name\":\"Home\"}},{\"@type\":\"ListItem\",\"position\":2,\"item\":{\"@type\":\"WebPage\",\"@id\":\"https:\/\/www.space-aero.org\/es\/reseau\/\",\"url\":\"https:\/\/www.space-aero.org\/es\/reseau\/\",\"name\":\"Miembros\"}},{\"@type\":\"ListItem\",\"position\":3,\"item\":{\"@type\":\"WebPage\",\"@id\":\"https:\/\/www.space-aero.org\/es\/reseau\/rejoignez-nous\/\",\"url\":\"https:\/\/www.space-aero.org\/es\/reseau\/rejoignez-nous\/\",\"name\":\"\\u00danete a nosotros\"}}]}]}<\/script>\n<!-- \/ Yoast SEO plugin. -->","_links":{"self":[{"href":"https:\/\/www.space-aero.org\/es\/wp-json\/wp\/v2\/pages\/788"}],"collection":[{"href":"https:\/\/www.space-aero.org\/es\/wp-json\/wp\/v2\/pages"}],"about":[{"href":"https:\/\/www.space-aero.org\/es\/wp-json\/wp\/v2\/types\/page"}],"author":[{"embeddable":true,"href":"https:\/\/www.space-aero.org\/es\/wp-json\/wp\/v2\/users\/23"}],"replies":[{"embeddable":true,"href":"https:\/\/www.space-aero.org\/es\/wp-json\/wp\/v2\/comments?post=788"}],"version-history":[{"count":11,"href":"https:\/\/www.space-aero.org\/es\/wp-json\/wp\/v2\/pages\/788\/revisions"}],"predecessor-version":[{"id":4090,"href":"https:\/\/www.space-aero.org\/es\/wp-json\/wp\/v2\/pages\/788\/revisions\/4090"}],"up":[{"embeddable":true,"href":"https:\/\/www.space-aero.org\/es\/wp-json\/wp\/v2\/pages\/738"}],"wp:attachment":[{"href":"https:\/\/www.space-aero.org\/es\/wp-json\/wp\/v2\/media?parent=788"}],"curies":[{"name":"wp","href":"https:\/\/api.w.org\/{rel}","templated":true}]}}